{"id":1137,"date":"2024-09-04T10:38:22","date_gmt":"2024-09-04T10:38:22","guid":{"rendered":"https:\/\/host.groupstravel.com\/contact\/"},"modified":"2024-10-30T11:44:48","modified_gmt":"2024-10-30T11:44:48","slug":"contact","status":"publish","type":"page","link":"https:\/\/host.groupstravel.com\/fr\/contact\/","title":{"rendered":"Contact"},"content":{"rendered":"\n      <div id=\"block_3ebfb2382583009e4dca9a25df4dd450\" class=\"block-hero alignfull relative l-block\" >\n  \n  \n<div class=\"relative\">\n  <img decoding=\"async\" width=\"1\" height=\"1\" src=\"https:\/\/host.groupstravel.com\/wp-content\/uploads\/2024\/10\/IMG_5423.jpg\" class=\"absolute inset-0 object-cover w-full h-full z-10 m-0 skip-lazy\" alt=\"\" \/>  <div class=\"hero-style-default pt-[392px] sm:pt-[33px] sm:pb-[33px] sm:min-h-[600px] lg:min-h-[726px] flex items-end relative\">\n          <div class=\"absolute left-0 top-0 hidden sm:block z-20 w-full\">\n        <div class=\"l-wrap pt-5\">\n          <div class=\"breadcrumbs\"><span><span><a href=\"https:\/\/host.groupstravel.com\/fr\/\">Home<\/a><\/span><\/span><\/div>        <\/div>\n      <\/div>\n    \n    <div class=\"l-wrap relative z-20 h-full w-full\">\n      <div class=\"h-full\">\n        <div class=\"h-full flex flex-col justify-end\">\n                    <div>\n            <div class=\"bg-black\/60 px-6 sm:px-10 pt-8 sm:pt-8 pb-6 sm:pb-8 max-w-[585px] rounded-default rounded-es-none mb-4\" data-aos=\"fade-down\" data-aos-duration=\"800\" data-aos-delay=\"0\">\n                            <h1 class=\"title title--sans-display text-white [&#038;_strong]:text-brand mb-[1.3rem] md:leading-1 mt-2 \">Pr\u00eat pour une <strong>collaboration<\/strong> avec groupstravel.com ?\n<\/h1>              <div class=\"text-white text-size-large-on-all-screens p-reset max-w-[490px]\"><p>Pour toute autre question, notre \u00e9quipe comp\u00e9tente se tient \u00e0 votre disposition.<\/p>\n<\/div>\n                              <ul class=\"m-0 p-0 typo-off [&#038;_a]:text-white [&#038;_a]:flex [&#038;_a_span]:flex [&#038;_svg]:mr-5 [&#038;_svg]:w-6 [&#038;_li]:mt-2 font-bold mt-6\">\n                                    <li>\n                    <a class=\"transitiona-all duration-300 hover:text-brand hover:[&#038;_svg]:text-brand\" href=\"tel:+41 (0)61 926 60 00\">\n                      <svg xmlns=\"http:\/\/www.w3.org\/2000\/svg\" width=\"24\" height=\"24\" viewBox=\"0 0 24 24\" fill=\"none\">\n                        <path d=\"M15.0514 5C16.0281 5.19057 16.9258 5.66826 17.6295 6.37194C18.3331 7.07561 18.8108 7.97326 19.0014 8.95M15.0514 1C17.0807 1.22544 18.973 2.13417 20.4176 3.57701C21.8623 5.01984 22.7734 6.91101 23.0014 8.94M22.0014 16.92V19.92C22.0025 20.1985 21.9455 20.4742 21.8339 20.7293C21.7223 20.9845 21.5587 21.2136 21.3535 21.4019C21.1483 21.5901 20.906 21.7335 20.6421 21.8227C20.3783 21.9119 20.0988 21.9451 19.8214 21.92C16.7442 21.5856 13.7884 20.5341 11.1914 18.85C8.77523 17.3147 6.72673 15.2662 5.1914 12.85C3.50138 10.2412 2.44964 7.27099 2.1214 4.18C2.09641 3.90347 2.12927 3.62476 2.2179 3.36162C2.30652 3.09849 2.44897 2.85669 2.63616 2.65162C2.82336 2.44655 3.0512 2.28271 3.30519 2.17052C3.55917 2.05833 3.83374 2.00026 4.1114 2H7.1114C7.5967 1.99522 8.06719 2.16708 8.43516 2.48353C8.80313 2.79999 9.04348 3.23945 9.1114 3.72C9.23802 4.68007 9.47285 5.62273 9.8114 6.53C9.94594 6.88792 9.97506 7.27691 9.8953 7.65088C9.81555 8.02485 9.63026 8.36811 9.3614 8.64L8.0914 9.91C9.51495 12.4135 11.5879 14.4864 14.0914 15.91L15.3614 14.64C15.6333 14.3711 15.9766 14.1858 16.3505 14.1061C16.7245 14.0263 17.1135 14.0555 17.4714 14.19C18.3787 14.5286 19.3213 14.7634 20.2814 14.89C20.7672 14.9585 21.2108 15.2032 21.5279 15.5775C21.8451 15.9518 22.0136 16.4296 22.0014 16.92Z\" stroke=\"currentColor\" stroke-width=\"2\" stroke-linecap=\"round\" stroke-linejoin=\"round\"\/>\n                      <\/svg>\n                      <span>+41 (0)61 926 60 00<\/span>\n                    <\/a>\n                  <\/li>\n                                                      <li>\n                    <a class=\"transitiona-all duration-300 hover:text-brand hover:[&#038;_svg]:text-brand\" href=\"mailto:contact@groupstravel.com\">\n                      <svg xmlns=\"http:\/\/www.w3.org\/2000\/svg\" width=\"24\" height=\"24\" viewBox=\"0 0 24 24\" fill=\"none\">\n                        <path d=\"M22 6C22 4.9 21.1 4 20 4H4C2.9 4 2 4.9 2 6M22 6V18C22 19.1 21.1 20 20 20H4C2.9 20 2 19.1 2 18V6M22 6L12 13L2 6\" stroke=\"currentColor\" stroke-width=\"2\" stroke-linecap=\"round\" stroke-linejoin=\"round\"\/>\n                      <\/svg>\n                      <span>contact@groupstravel.com<\/span>\n                    <\/a>\n                  <\/li>\n                                  <\/ul>\n                                        <\/div>\n          <\/div>\n                  <\/div>\n      <\/div>\n    <\/div>\n  <\/div>\n<\/div>\n\n\n<\/div>\n\n\n      <div id=\"block_b3febf15bd6f5d1578f187981cc6e17e\" class=\"block-grid-with-icons bg-gradient-light alignfull rounded-br-[80px] sm:rounded-br-[120px] overflow-hidden pt-18 lg:pt-30  l-block\" >\n  \n  \n  <div class=\"l-wrap relative pb-14 sm:pb-18 lg:pb-30\">\n    <div class=\"max-w-[1102px] w-full relative z-20\">\n            <div class=\"max-w-[685px] mb-14 sm:mb-22\">\n                <h2 class=\"title title--xxlarge !mb-4 sm:!mb-6\" data-aos=\"fade-up\" data-aos-duration=\"800\" data-aos-delay=\"0\">\n          Comment soutenons-nous nos h\u00f4tes ?        <\/h2>\n        \n                <div class=\"text-size-large-on-all-screens\" data-aos=\"fade-up\" data-aos-duration=\"800\" data-aos-delay=\"200\">\n          <p>Conseils personnalis\u00e9s, offre de solutions de marketing pour une occupation optimale de l&rsquo;h\u00e9bergement, une large gamme d&rsquo;offres partenaires avec de nombreux avantages.<\/p>\n        <\/div>\n              <\/div>\n      \n              <div class=\"grid grid-cols-1 xs:grid-cols-2 sm:grid-cols-3 gap-x-18 md:gap-x-33 gap-y-10 sm:gap-y-18\">\n                      <div class=\"\" data-aos=\"fade-up\" data-aos-duration=\"800\" data-aos-delay=\"0\">\n              <div class=\"flex xs:block gap-6 mb-4 lg:mb-0\">\n                \n<div class=\"relative pt-3 xs:pt-[21px] pl-3 xs:pl-[21px] xs:mb-8\">\n  <svg class=\"absolute top-0 left-0 z-10 max-w-[35px] xs:max-w-none h-auto\" xmlns=\"http:\/\/www.w3.org\/2000\/svg\" width=\"62\" height=\"62\" viewBox=\"0 0 62 62\" fill=\"none\">\n    <path d=\"M56.4872 9.72827C57.3053 10.5464 58.1059 11.4447 58.8653 12.3835C61.1226 15.1745 62 18.7716 62 22.3612L62 62L22.3748 62C18.7781 62 15.1741 61.1193 12.3778 58.8573C11.442 58.1004 10.5467 57.3026 9.73107 56.4869C-3.2198 43.5353 -3.22977 22.5801 9.61802 9.61853C22.5822 -3.22994 43.5363 -3.21996 56.4838 9.73159L56.4838 9.72827L56.4872 9.72827Z\" fill=\"#D4EBCC\" \/>\n  <\/svg>\n\n  <img decoding=\"async\" width=\"56\" height=\"56\" src=\"https:\/\/host.groupstravel.com\/wp-content\/uploads\/2024\/09\/Check-circle.svg\" class=\"relative z-20 my-0 max-w-8 xs:max-w-none\" alt=\"\" \/><\/div>\n \n                                <div class=\"flex items-center\">\n                  <h2 class=\"title title--sans-large !mt-0 !mb-0 sm:!mb-4\">\n                    M\u00e9diation des invit\u00e9s                  <\/h2>\n                <\/div>\n                              <\/div>\n                            <div class=\"xs:max-w-[276px]\">\n                <p>Conseils personnalis\u00e9s et m\u00e9diation des demandes d&rsquo;invit\u00e9s nationaux et \u00e9trangers aupr\u00e8s de nos h\u00f4tes<\/p>\n              <\/div>\n                          <\/div>\n                      <div class=\"\" data-aos=\"fade-up\" data-aos-duration=\"800\" data-aos-delay=\"0\">\n              <div class=\"flex xs:block gap-6 mb-4 lg:mb-0\">\n                \n<div class=\"relative pt-3 xs:pt-[21px] pl-3 xs:pl-[21px] xs:mb-8\">\n  <svg class=\"absolute top-0 left-0 z-10 max-w-[35px] xs:max-w-none h-auto\" xmlns=\"http:\/\/www.w3.org\/2000\/svg\" width=\"62\" height=\"62\" viewBox=\"0 0 62 62\" fill=\"none\">\n    <path d=\"M56.4872 9.72827C57.3053 10.5464 58.1059 11.4447 58.8653 12.3835C61.1226 15.1745 62 18.7716 62 22.3612L62 62L22.3748 62C18.7781 62 15.1741 61.1193 12.3778 58.8573C11.442 58.1004 10.5467 57.3026 9.73107 56.4869C-3.2198 43.5353 -3.22977 22.5801 9.61802 9.61853C22.5822 -3.22994 43.5363 -3.21996 56.4838 9.73159L56.4838 9.72827L56.4872 9.72827Z\" fill=\"#D4EBCC\" \/>\n  <\/svg>\n\n  <img decoding=\"async\" width=\"56\" height=\"56\" src=\"https:\/\/host.groupstravel.com\/wp-content\/uploads\/2024\/09\/Check-circle.svg\" class=\"relative z-20 my-0 max-w-8 xs:max-w-none\" alt=\"\" \/><\/div>\n \n                                <div class=\"flex items-center\">\n                  <h2 class=\"title title--sans-large !mt-0 !mb-0 sm:!mb-4\">\n                    Options publicitaires                  <\/h2>\n                <\/div>\n                              <\/div>\n                            <div class=\"xs:max-w-[276px]\">\n                <p>Marketing sur mesure, annonces et newsletters augmentent la visibilit\u00e9 des offres<\/p>\n              <\/div>\n                          <\/div>\n                      <div class=\"\" data-aos=\"fade-up\" data-aos-duration=\"800\" data-aos-delay=\"0\">\n              <div class=\"flex xs:block gap-6 mb-4 lg:mb-0\">\n                \n<div class=\"relative pt-3 xs:pt-[21px] pl-3 xs:pl-[21px] xs:mb-8\">\n  <svg class=\"absolute top-0 left-0 z-10 max-w-[35px] xs:max-w-none h-auto\" xmlns=\"http:\/\/www.w3.org\/2000\/svg\" width=\"62\" height=\"62\" viewBox=\"0 0 62 62\" fill=\"none\">\n    <path d=\"M56.4872 9.72827C57.3053 10.5464 58.1059 11.4447 58.8653 12.3835C61.1226 15.1745 62 18.7716 62 22.3612L62 62L22.3748 62C18.7781 62 15.1741 61.1193 12.3778 58.8573C11.442 58.1004 10.5467 57.3026 9.73107 56.4869C-3.2198 43.5353 -3.22977 22.5801 9.61802 9.61853C22.5822 -3.22994 43.5363 -3.21996 56.4838 9.73159L56.4838 9.72827L56.4872 9.72827Z\" fill=\"#D4EBCC\" \/>\n  <\/svg>\n\n  <img decoding=\"async\" width=\"56\" height=\"56\" src=\"https:\/\/host.groupstravel.com\/wp-content\/uploads\/2024\/09\/Check-circle.svg\" class=\"relative z-20 my-0 max-w-8 xs:max-w-none\" alt=\"\" \/><\/div>\n \n                                <div class=\"flex items-center\">\n                  <h2 class=\"title title--sans-large !mt-0 !mb-0 sm:!mb-4\">\n                    Offres partenaires                  <\/h2>\n                <\/div>\n                              <\/div>\n                            <div class=\"xs:max-w-[276px]\">\n                <p>Nous mettons \u00e0 disposition de nos h\u00f4tes des offres s\u00e9lectionn\u00e9es et exclusives de produits et de services<\/p>\n              <\/div>\n                          <\/div>\n                  <\/div>\n          <\/div>\n\n          <div class=\"flex items-end absolute bottom-0 right-15 z-10 w-[193px] sm:w-auto\">\n        <svg class=\"h-auto\" xmlns=\"http:\/\/www.w3.org\/2000\/svg\" width=\"192\" height=\"192\" viewBox=\"0 0 192 192\" fill=\"none\">\n          <path d=\"M30.1263 174.928C30.2688 175.071 30.4122 175.213 30.5563 175.355C43.3321 187.961 61.7364 192 79.6845 192H192V68.7581C192 57.9679 189.35 47.1649 182.601 38.7454C180.159 35.6976 177.573 32.7809 174.927 30.1349C134.819 -9.97093 69.9254 -10.0018 29.7864 29.7849C-10.0024 69.9319 -9.9715 134.822 30.1365 174.918H30.1263V174.928Z\" fill=\"#D4EBCC\" \/>\n        <\/svg>\n        <svg class=\"h-auto\" xmlns=\"http:\/\/www.w3.org\/2000\/svg\" width=\"80\" height=\"80\" viewBox=\"0 0 80 80\" fill=\"none\">\n          <path d=\"M7.11334 12.5526C1.70845 17.9578 -2.36868e-06 25.8108 -2.03456e-06 33.4547L0 80L46.5426 80C54.1856 80 62.0395 78.2909 67.4438 72.8863C84.1546 56.1746 84.1674 29.1356 67.5897 12.411C50.8617 -4.16767 23.8241 -4.15479 7.11763 12.5569L7.11763 12.5526L7.11334 12.5526Z\" fill=\"#57AE00\" \/>\n        <\/svg>\n      <\/div>\n      <\/div>\n\n<\/div>\n\n\n      <h3 id=\"block_41d114784746dc147fef33c661622d8a\" class=\"title title--xxlarge text-header typo-off text-left l-block\"  data-aos=\"fade-up\" data-aos-easing=\"ease-in-out\" data-aos-duration=\"600\" data-aos-delay=\"0\" data-aos-offset=\"200\" >\n  \n  \n\nPourquoi groupstravel.com ?\n\n<\/h3><style>#block_41d114784746dc147fef33c661622d8a { padding-top: 32px;  } @media (min-width: 768px) { #block_41d114784746dc147fef33c661622d8a { padding-top: 48px;  } }@media (min-width: 992px) { #block_41d114784746dc147fef33c661622d8a { padding-top: 64px;  } }@media (min-width: 1200px) { #block_41d114784746dc147fef33c661622d8a { padding-top: 72px;  } }@media (min-width: 1500px) { #block_41d114784746dc147fef33c661622d8a { padding-top: 80px;  } }<\/style>\n\n\n      <div id=\"block_1ac803d711794877437e327ab788bec0\" class=\"text-size-large text-base l-block\"  data-aos=\"fade-up\" data-aos-easing=\"ease-in-out\" data-aos-duration=\"600\" data-aos-delay=\"0\" data-aos-offset=\"200\" >\n  \n  \n\n<p>Nous sommes passionn\u00e9ment engag\u00e9s \u00e0 cr\u00e9er des exp\u00e9riences de vacances extraordinaires. Notre objectif est de rendre votre h\u00e9bergement plus visible gr\u00e2ce \u00e0 diverses options et d&rsquo;augmenter votre taux d&rsquo;occupation. Nous sommes heureux de vous aider \u00e0 faire en sorte que chaque s\u00e9jour de vos invit\u00e9s soit une exp\u00e9rience inoubliable. L&rsquo;\u00e9quipe d\u00e9vou\u00e9e est \u00e0 vos c\u00f4t\u00e9s \u00e0 tout moment pour garantir votre succ\u00e8s et votre satisfaction totale.<\/p>\n\n\n<\/div><style>#block_1ac803d711794877437e327ab788bec0 { padding-bottom: 8px;  } @media (min-width: 768px) { #block_1ac803d711794877437e327ab788bec0 { padding-bottom: 12px;  } }@media (min-width: 992px) { #block_1ac803d711794877437e327ab788bec0 { padding-bottom: 16px;  } }@media (min-width: 1200px) { #block_1ac803d711794877437e327ab788bec0 { padding-bottom: 18px;  } }@media (min-width: 1500px) { #block_1ac803d711794877437e327ab788bec0 { padding-bottom: 20px;  } }<\/style>\n\n\n      <div id=\"block_d15a58e25a60fc57c9f9c6be6e4fdb2d\" class=\"block-image-with-text alignfull pt-0 pb-18 md:pb-20 md:pt-25  l-block\" >\n  \n  \n  <div class=\"l-wrap\">\n    <div class=\"grid sm:grid-cols-2 sm:gap-19\" data-aos=\"fade-up\" data-aos-duration=\"800\" data-aos-delay=\"0\">\n\n      <div class=\"mt-13\">\n        <div class=\"flex items-center h-full\">\n          <div class=\"sm:max-w-[486px]\">\n\n            <h3 class=\"title title--xxlarge !mb-2 sm:!mb-5\">\n              Leader du secteur en Suisse avec une pr\u00e9sence internationale            <\/h3>\n\n            <div class=\"text-size-large\">\n              <p>Groupstravel.com est sp\u00e9cialis\u00e9 dans la fourniture d&rsquo;h\u00e9bergements de groupes et de vacances, d&rsquo;abord en Suisse et, depuis quelques ann\u00e9es, \u00e9galement en Europe.Avec plus de 40 ans d&rsquo;exp\u00e9rience, nous nous engageons \u00e0 faciliter les demandes d&rsquo;invit\u00e9s aupr\u00e8s des h\u00f4tes proposant des h\u00e9bergements uniques. Parmi les clients r\u00e9guliers de groupstravel.com, on compte des invit\u00e9s de toute l&rsquo;Europe et d&rsquo;outre-mer.<\/p>\n            <\/div>\n          <\/div>\n        <\/div>\n      <\/div>\n\n      <div class=\"h-full mt-5 sm:mt-0\">\n        <div class=\"relative pr-5 sm:pr-0\">\n          <img decoding=\"async\" src=\"https:\/\/host.groupstravel.com\/wp-content\/uploads\/2024\/10\/IMG_4229.jpg\" class=\"my-0 w-full rounded-default rounded-br-none z-20 relative\" alt=\"\" \/>          <div class=\"bg-green-200 w-full sm:w-[calc(100%_+_20px)] h-[calc(100%_+_15px)] sm:h-[calc(100%_+_20px)] absolute left-0 sm:left-auto sm:right-[-15px] md:right-[-22px] rounded-default rounded-br-none bottom-[-20px] sm:bottom-[-15px] lg:bottom-[-23px] z-10\"><\/div>\n\n        <\/div>\n      <\/div>\n\n    <\/div>\n  <\/div>\n\n\n<\/div>\n\n\n      <div id=\"block_aa5fdd51f6667979718807412515e59b\" class=\"block-logo-slider alignfull pt-3 pb-16 sm:pb-34 pb overflow-hidden  l-block\" >\n  \n  \n  <div class=\"l-wrap\">\n\n    <h2 class=\"title title--xxlarge !mb-10 sm:mb-15\" data-aos=\"fade-up\" data-aos-duration=\"800\" data-aos-delay=\"0\">\n          <\/h2>\n\n          <div class=\"js-logo-slider-wrap mt-8\" data-aos=\"fade-up\" data-aos-duration=\"800\" data-aos-delay=\"0\">\n        <div class=\"js-logo-slider swiper \">\n          <div class=\"swiper-wrapper \">\n                          <div class=\"swiper-slide border border-red\">\n                <img decoding=\"async\" width=\"82\" height=\"82\" src=\"https:\/\/host.groupstravel.com\/wp-content\/uploads\/2024\/10\/Swisstainable-Logo-fuer-Signatur.jpg\" class=\"my-10\" alt=\"Groupstravel.com ist seit 2024 Mitglied im Swisstainable-Programm. Im Fokus steht die anchhaltige Entwicklung des Tourismuslandes Schweiz.\" \/>              <\/div>\n                          <div class=\"swiper-slide border border-red\">\n                <img decoding=\"async\" width=\"299\" height=\"130\" src=\"https:\/\/host.groupstravel.com\/wp-content\/uploads\/2024\/09\/image-43.svg\" class=\"my-10\" alt=\"\" \/>              <\/div>\n                          <div class=\"swiper-slide border border-red\">\n                <img decoding=\"async\" width=\"228\" height=\"54\" src=\"https:\/\/host.groupstravel.com\/wp-content\/uploads\/2024\/09\/image-44.svg\" class=\"my-10\" alt=\"\" \/>              <\/div>\n                          <div class=\"swiper-slide border border-red\">\n                <img decoding=\"async\" width=\"299\" height=\"130\" src=\"https:\/\/host.groupstravel.com\/wp-content\/uploads\/2024\/09\/image-43.svg\" class=\"my-10\" alt=\"\" \/>              <\/div>\n                          <div class=\"swiper-slide border border-red\">\n                <img decoding=\"async\" width=\"228\" height=\"54\" src=\"https:\/\/host.groupstravel.com\/wp-content\/uploads\/2024\/09\/image-44.svg\" class=\"my-10\" alt=\"\" \/>              <\/div>\n                      <\/div>\n\n          <div class=\"flex gap-8 w-full mt-6 sm:mt-11 items-center justify-center relative z-20\">\n            <div class=\"swiper-prev\"><\/div>\n            <div class=\"swiper-pagination\"><\/div>\n            <div class=\"swiper-next\"><\/div>\n          <\/div>\n        <\/div>\n      <\/div>\n      <\/div>\n\n<\/div>\n\n\n      <div id=\"block_4a91ae8bd4b556a1b8593e62c2d4f158\" class=\"block-contact-form alignfull bg-gradient-to-b from-beige-100 to-beige-200 pt-11 pb-15 md:pb-18 md:pt-[90px] rounded-br-[80px] sm:rounded-br-[120px] typo-off  l-block\" >\n  \n    <div class=\"l-wrap c-form\">\n    <div class=\"md:pl-9\">\n              <h3 class=\"title mb-12 sm:mb-7\">\n          Envoyez-nous un message        <\/h3>\n                    <div class=\"\">\n          <p class=\"wpcf7-contact-form-not-found\"><strong>Erreur\u00a0:<\/strong> Formulaire de contact non trouv\u00e9\u00a0!<\/p>\n        <\/div>\n          <\/div>\n  <\/div>\n<\/div>","protected":false},"excerpt":{"rendered":"","protected":false},"author":2,"featured_media":0,"parent":0,"menu_order":0,"comment_status":"closed","ping_status":"closed","template":"","meta":{"_acf_changed":false,"footnotes":""},"class_list":["post-1137","page","type-page","status-publish",""],"acf":[],"yoast_head":"<!-- This site is optimized with the Yoast SEO plugin v27.5 - https:\/\/yoast.com\/product\/yoast-seo-wordpress\/ -->\n<title>Contact - host.groupstravel.com<\/title>\n<meta name=\"robots\" content=\"index, follow, max-snippet:-1, max-image-preview:large, max-video-preview:-1\" \/>\n<link rel=\"canonical\" href=\"https:\/\/host.groupstravel.com\/fr\/contact\/\" \/>\n<meta property=\"og:locale\" content=\"fr_FR\" \/>\n<meta property=\"og:type\" content=\"article\" \/>\n<meta property=\"og:title\" content=\"Contact - host.groupstravel.com\" \/>\n<meta property=\"og:url\" content=\"https:\/\/host.groupstravel.com\/fr\/contact\/\" \/>\n<meta property=\"og:site_name\" content=\"host.groupstravel.com\" \/>\n<meta property=\"article:modified_time\" content=\"2024-10-30T11:44:48+00:00\" \/>\n<meta property=\"og:image\" content=\"https:\/\/host.groupstravel.com\/wp-content\/uploads\/2024\/11\/groups-cover.jpg\" \/>\n\t<meta property=\"og:image:width\" content=\"1200\" \/>\n\t<meta property=\"og:image:height\" content=\"675\" \/>\n\t<meta property=\"og:image:type\" content=\"image\/jpeg\" \/>\n<meta name=\"twitter:card\" content=\"summary_large_image\" \/>\n<script type=\"application\/ld+json\" class=\"yoast-schema-graph\">{\"@context\":\"https:\\\/\\\/schema.org\",\"@graph\":[{\"@type\":\"WebPage\",\"@id\":\"https:\\\/\\\/host.groupstravel.com\\\/fr\\\/contact\\\/\",\"url\":\"https:\\\/\\\/host.groupstravel.com\\\/fr\\\/contact\\\/\",\"name\":\"Contact - host.groupstravel.com\",\"isPartOf\":{\"@id\":\"https:\\\/\\\/host.groupstravel.com\\\/fr\\\/#website\"},\"datePublished\":\"2024-09-04T10:38:22+00:00\",\"dateModified\":\"2024-10-30T11:44:48+00:00\",\"breadcrumb\":{\"@id\":\"https:\\\/\\\/host.groupstravel.com\\\/fr\\\/contact\\\/#breadcrumb\"},\"inLanguage\":\"fr-FR\",\"potentialAction\":[{\"@type\":\"ReadAction\",\"target\":[\"https:\\\/\\\/host.groupstravel.com\\\/fr\\\/contact\\\/\"]}]},{\"@type\":\"BreadcrumbList\",\"@id\":\"https:\\\/\\\/host.groupstravel.com\\\/fr\\\/contact\\\/#breadcrumb\",\"itemListElement\":[{\"@type\":\"ListItem\",\"position\":1,\"name\":\"Home\",\"item\":\"https:\\\/\\\/host.groupstravel.com\\\/fr\\\/\"},{\"@type\":\"ListItem\",\"position\":2,\"name\":\"Contact\"}]},{\"@type\":\"WebSite\",\"@id\":\"https:\\\/\\\/host.groupstravel.com\\\/fr\\\/#website\",\"url\":\"https:\\\/\\\/host.groupstravel.com\\\/fr\\\/\",\"name\":\"Groups Swiss\",\"description\":\"Gastgeber werden f\u00fcr Deine Ferienunterkunft\",\"publisher\":{\"@id\":\"https:\\\/\\\/host.groupstravel.com\\\/fr\\\/#organization\"},\"potentialAction\":[{\"@type\":\"SearchAction\",\"target\":{\"@type\":\"EntryPoint\",\"urlTemplate\":\"https:\\\/\\\/host.groupstravel.com\\\/fr\\\/?s={search_term_string}\"},\"query-input\":{\"@type\":\"PropertyValueSpecification\",\"valueRequired\":true,\"valueName\":\"search_term_string\"}}],\"inLanguage\":\"fr-FR\"},{\"@type\":\"Organization\",\"@id\":\"https:\\\/\\\/host.groupstravel.com\\\/fr\\\/#organization\",\"name\":\"Groups Swiss\",\"url\":\"https:\\\/\\\/host.groupstravel.com\\\/fr\\\/\",\"logo\":{\"@type\":\"ImageObject\",\"inLanguage\":\"fr-FR\",\"@id\":\"https:\\\/\\\/host.groupstravel.com\\\/fr\\\/#\\\/schema\\\/logo\\\/image\\\/\",\"url\":\"https:\\\/\\\/host.groupstravel.com\\\/wp-content\\\/uploads\\\/2024\\\/11\\\/logo-groups.png\",\"contentUrl\":\"https:\\\/\\\/host.groupstravel.com\\\/wp-content\\\/uploads\\\/2024\\\/11\\\/logo-groups.png\",\"width\":696,\"height\":696,\"caption\":\"Groups Swiss\"},\"image\":{\"@id\":\"https:\\\/\\\/host.groupstravel.com\\\/fr\\\/#\\\/schema\\\/logo\\\/image\\\/\"}}]}<\/script>\n<!-- \/ Yoast SEO plugin. -->","yoast_head_json":{"title":"Contact - host.groupstravel.com","robots":{"index":"index","follow":"follow","max-snippet":"max-snippet:-1","max-image-preview":"max-image-preview:large","max-video-preview":"max-video-preview:-1"},"canonical":"https:\/\/host.groupstravel.com\/fr\/contact\/","og_locale":"fr_FR","og_type":"article","og_title":"Contact - host.groupstravel.com","og_url":"https:\/\/host.groupstravel.com\/fr\/contact\/","og_site_name":"host.groupstravel.com","article_modified_time":"2024-10-30T11:44:48+00:00","og_image":[{"width":1200,"height":675,"url":"https:\/\/host.groupstravel.com\/wp-content\/uploads\/2024\/11\/groups-cover.jpg","type":"image\/jpeg"}],"twitter_card":"summary_large_image","schema":{"@context":"https:\/\/schema.org","@graph":[{"@type":"WebPage","@id":"https:\/\/host.groupstravel.com\/fr\/contact\/","url":"https:\/\/host.groupstravel.com\/fr\/contact\/","name":"Contact - host.groupstravel.com","isPartOf":{"@id":"https:\/\/host.groupstravel.com\/fr\/#website"},"datePublished":"2024-09-04T10:38:22+00:00","dateModified":"2024-10-30T11:44:48+00:00","breadcrumb":{"@id":"https:\/\/host.groupstravel.com\/fr\/contact\/#breadcrumb"},"inLanguage":"fr-FR","potentialAction":[{"@type":"ReadAction","target":["https:\/\/host.groupstravel.com\/fr\/contact\/"]}]},{"@type":"BreadcrumbList","@id":"https:\/\/host.groupstravel.com\/fr\/contact\/#breadcrumb","itemListElement":[{"@type":"ListItem","position":1,"name":"Home","item":"https:\/\/host.groupstravel.com\/fr\/"},{"@type":"ListItem","position":2,"name":"Contact"}]},{"@type":"WebSite","@id":"https:\/\/host.groupstravel.com\/fr\/#website","url":"https:\/\/host.groupstravel.com\/fr\/","name":"Groups Swiss","description":"Gastgeber werden f\u00fcr Deine Ferienunterkunft","publisher":{"@id":"https:\/\/host.groupstravel.com\/fr\/#organization"},"potentialAction":[{"@type":"SearchAction","target":{"@type":"EntryPoint","urlTemplate":"https:\/\/host.groupstravel.com\/fr\/?s={search_term_string}"},"query-input":{"@type":"PropertyValueSpecification","valueRequired":true,"valueName":"search_term_string"}}],"inLanguage":"fr-FR"},{"@type":"Organization","@id":"https:\/\/host.groupstravel.com\/fr\/#organization","name":"Groups Swiss","url":"https:\/\/host.groupstravel.com\/fr\/","logo":{"@type":"ImageObject","inLanguage":"fr-FR","@id":"https:\/\/host.groupstravel.com\/fr\/#\/schema\/logo\/image\/","url":"https:\/\/host.groupstravel.com\/wp-content\/uploads\/2024\/11\/logo-groups.png","contentUrl":"https:\/\/host.groupstravel.com\/wp-content\/uploads\/2024\/11\/logo-groups.png","width":696,"height":696,"caption":"Groups Swiss"},"image":{"@id":"https:\/\/host.groupstravel.com\/fr\/#\/schema\/logo\/image\/"}}]}},"_links":{"self":[{"href":"https:\/\/host.groupstravel.com\/fr\/wp-json\/wp\/v2\/pages\/1137","targetHints":{"allow":["GET"]}}],"collection":[{"href":"https:\/\/host.groupstravel.com\/fr\/wp-json\/wp\/v2\/pages"}],"about":[{"href":"https:\/\/host.groupstravel.com\/fr\/wp-json\/wp\/v2\/types\/page"}],"author":[{"embeddable":true,"href":"https:\/\/host.groupstravel.com\/fr\/wp-json\/wp\/v2\/users\/2"}],"replies":[{"embeddable":true,"href":"https:\/\/host.groupstravel.com\/fr\/wp-json\/wp\/v2\/comments?post=1137"}],"version-history":[{"count":12,"href":"https:\/\/host.groupstravel.com\/fr\/wp-json\/wp\/v2\/pages\/1137\/revisions"}],"predecessor-version":[{"id":2679,"href":"https:\/\/host.groupstravel.com\/fr\/wp-json\/wp\/v2\/pages\/1137\/revisions\/2679"}],"wp:attachment":[{"href":"https:\/\/host.groupstravel.com\/fr\/wp-json\/wp\/v2\/media?parent=1137"}],"curies":[{"name":"wp","href":"https:\/\/api.w.org\/{rel}","templated":true}]}}