{"id":1145,"date":"2024-09-04T10:39:11","date_gmt":"2024-09-04T10:39:11","guid":{"rendered":"https:\/\/host.groupstravel.com\/cookie-policy\/"},"modified":"2024-11-06T11:01:40","modified_gmt":"2024-11-06T11:01:40","slug":"cookie-policy","status":"publish","type":"page","link":"https:\/\/host.groupstravel.com\/fr\/cookie-policy\/","title":{"rendered":"Politique de\u00a0Cookies"},"content":{"rendered":"\n      <div id=\"block_95de9d5bd7de94b938a602a6f70c4c4e\" class=\"block-hero alignfull relative l-block\" >\n  \n  \n<div class=\"relative\">\n  <img decoding=\"async\" width=\"1\" height=\"1\" src=\"https:\/\/host.groupstravel.com\/wp-content\/uploads\/2024\/10\/IMG_1683.jpg\" class=\"absolute inset-0 object-cover w-full h-full z-10 m-0 skip-lazy\" alt=\"\" \/>  <div class=\"hero-style-default pt-[392px] sm:pt-[33px] sm:pb-[33px] sm:min-h-[600px] lg:min-h-[726px] flex items-end relative\">\n    \n    <div class=\"l-wrap relative z-20 h-full w-full\">\n      <div class=\"h-full\">\n        <div class=\"h-full flex flex-col justify-end\">\n                    <div>\n            <div class=\"bg-black\/60 px-6 sm:px-10 pt-8 sm:pt-8 pb-6 sm:pb-8 max-w-[585px] rounded-default rounded-es-none mb-4\" data-aos=\"fade-down\" data-aos-duration=\"800\" data-aos-delay=\"0\">\n                            <h1 class=\"title title--sans-display text-white [&#038;_strong]:text-brand mb-[1.3rem] md:leading-1 mt-2 \">Politique de<strong> Cookies<\/strong>\n<\/h1>              \n                                        <\/div>\n          <\/div>\n                  <\/div>\n      <\/div>\n    <\/div>\n  <\/div>\n<\/div>\n\n\n<\/div>\n\n\n<div style=\"height:100px\" aria-hidden=\"true\" class=\"wp-block-spacer\"><\/div>\n\n\n\n      <h2 id=\"block_3057c7c45d95867b3019806d53653500\" class=\"title title--xxlarge text-header typo-off text-left l-block\" >\n  \n  \n\nCookies\n\n<\/h2>\n\n\n<p>Sur notre site web, nous, Groups AG, utilisons des cookies n\u00e9cessaires, y compris un soi-disant cookie de s\u00e9lection qui enregistre l&rsquo;\u00e9tat de vos pr\u00e9f\u00e9rences en mati\u00e8re de cookies. De plus, nous utilisons des cookies fonctionnels, dont vous pouvez vous opposer \u00e0 l&rsquo;utilisation et au stockage \u00e0 tout moment avec effet pour l&rsquo;avenir.Nous n&rsquo;utiliserons des cookies d&rsquo;analyse et de marketing (y compris des technologies de suivi similaires) que si vous donnez votre consentement, notamment pour \u00e9valuer et optimiser l&rsquo;utilisation de notre site web, rendre le contenu et les publicit\u00e9s plus int\u00e9ressants et vous cibler \u00e9galement sur d&rsquo;autres canaux avec des publicit\u00e9s adapt\u00e9es \u00e0 vos int\u00e9r\u00eats.Pour cela, nous faisons appel \u00e0 des services tiers tels que Google et Facebook, qui traitent \u00e9galement vos donn\u00e9es en dehors de l&rsquo;Union Europ\u00e9enne (notamment aux \u00c9tats-Unis) et \u00e0 leurs propres fins. Ces tiers peuvent croiser les profils d&rsquo;utilisation d\u00e9riv\u00e9s de vos donn\u00e9es sur plusieurs appareils avec d&rsquo;autres donn\u00e9es et les associer \u00e0 un groupe cible pour afficher des publicit\u00e9s cibl\u00e9es. Le transfert de donn\u00e9es vers les \u00c9tats-Unis comporte g\u00e9n\u00e9ralement le risque que ces donn\u00e9es soient accessibles par des autorit\u00e9s am\u00e9ricaines, sans notification et sans recours l\u00e9gal possible.Dans les param\u00e8tres des cookies de ce site web, vous pouvez d\u00e9cider vous-m\u00eame quelles cat\u00e9gories de cookies vous souhaitez accepter. Vous avez \u00e9galement la possibilit\u00e9 de modifier votre s\u00e9lection \u00e0 tout moment ainsi que de r\u00e9voquer votre consentement avec effet pour l&rsquo;avenir. Pour plus d&rsquo;informations, veuillez consulter les \u00ab Param\u00e8tres des cookies \u00bb ainsi que notre politique de confidentialit\u00e9.Praesent congue erat at massa. Curabitur a felis in nunc fringilla tristique. Praesent egestas neque eu enim. Aliquam lobortis. Morbi nec metus.<\/p>\n\n\n\n      <h2 id=\"block_5ab487664c8994a4cc4f2a46f7d7dc90\" class=\"title title--xlarge text-header typo-off text-left l-block\" >\n  \n  \n\nCookies n\u00e9cessaires\n\n<\/h2>\n\n\n<p>Sur notre site web, nous utilisons des cookies n\u00e9cessaires et des technologies similaires aux cookies (ci-apr\u00e8s collectivement appel\u00e9s \u00ab cookies \u00bb). Ceux-ci sont techniquement n\u00e9cessaires au fonctionnement de notre site, car ils permettent par exemple des fonctions de base telles que la navigation sur les pages ou la sauvegarde du statut des pr\u00e9f\u00e9rences en mati\u00e8re de cookies. Notre site ne peut pas fonctionner correctement sans ces cookies. Vous pouvez en savoir plus dans notre politique de confidentialit\u00e9, section 10. <strong>Contenu<\/strong> : Brainsum, Cloudflare<\/p>\n\n\n\n      <h2 id=\"block_3eb3f5857f54a4910dbc5fdf3c30c16f\" class=\"title title--xlarge text-header typo-off text-left l-block\" >\n  \n  \n\nCookies fonctionnels\n\n<\/h2>\n\n\n<p>\u00c0 moins que vous ne vous y opposiez, des cookies fonctionnels sont \u00e9galement utilis\u00e9s sur notre site web. Les cookies fonctionnels permettent au site de se souvenir des informations qui influent sur son comportement ou son apparence, telles que les formulaires pr\u00e9-remplis. Dans les param\u00e8tres des cookies, vous pouvez d\u00e9cider d&rsquo;accepter ou de refuser l&rsquo;utilisation des cookies fonctionnels \u00e0 tout moment avec effet pour l&rsquo;avenir. De plus amples informations sur les cookies fonctionnels utilis\u00e9s ainsi que sur les options d&rsquo;ajustement et de r\u00e9vocation sont disponibles dans notre politique de confidentialit\u00e9, section 10. <strong>Contenu<\/strong> : Crisp Chat, YouTube, Google Maps.<\/p>\n\n\n\n      <h2 id=\"block_efc4ba9d1e2312469ec93a1436cc95e9\" class=\"title title--xlarge text-header typo-off text-left l-block\" >\n  \n  \n\nCookies d&rsquo;analyse\n\n<\/h2>\n\n\n<p>Si vous nous donnez votre consentement, des cookies d&rsquo;analyse seront \u00e9galement utilis\u00e9s sur notre site web. Ces cookies sont utilis\u00e9s pour comprendre comment vous interagissez avec notre site et quels contenus vous int\u00e9ressent le plus. Cela nous permet d&rsquo;am\u00e9liorer constamment les performances de notre site et d&rsquo;adapter son contenu aux int\u00e9r\u00eats des utilisateurs. Nous utilisons \u00e9galement des services tiers qui re\u00e7oivent des informations sur votre utilisation de notre site et qui peuvent \u00e9ventuellement les combiner \u00e0 d&rsquo;autres donn\u00e9es \u00e0 leurs propres fins, donn\u00e9es qu&rsquo;ils pourraient avoir obtenues de vous ailleurs. Dans les param\u00e8tres des cookies, vous pouvez d\u00e9cider si vous souhaitez accepter les cookies d&rsquo;analyse et r\u00e9voquer votre consentement \u00e0 tout moment avec effet pour l&rsquo;avenir. De plus amples informations sur les cookies d&rsquo;analyse utilis\u00e9s et les services tiers, ainsi que sur les options d&rsquo;ajustement et de r\u00e9vocation, sont disponibles dans notre <a href=\"https:\/\/www.groups.swiss\/fr\/leisure\/info\/datenschutzerklaerung\">politique de confidentialit\u00e9, sections 10 et 12<\/a>. <strong>Contenu<\/strong> : Google Analytics<\/p>\n\n\n\n      <h2 id=\"block_602b9f14ca477a92fb2b47c7864a7fca\" class=\"title title--xlarge text-header typo-off text-left l-block\" >\n  \n  \n\nCookies marketing\n\n<\/h2>\n\n\n<p>Si vous nous donnez votre consentement, des cookies marketing seront \u00e9galement utilis\u00e9s sur notre site web. Ces cookies sont utilis\u00e9s pour vous montrer des publicit\u00e9s adapt\u00e9es \u00e0 vos int\u00e9r\u00eats \u00e0 l&rsquo;int\u00e9rieur et \u00e0 l&rsquo;ext\u00e9rieur du site de Groups, par exemple sur les sites web de nos partenaires en marketing et sur les r\u00e9seaux sociaux (retargeting\/remarketing). Nous utilisons \u00e9galement des services tiers qui re\u00e7oivent des informations sur votre utilisation de notre site et qui peuvent \u00e9ventuellement combiner ces informations \u00e0 d&rsquo;autres donn\u00e9es \u00e0 leurs propres fins, qu&rsquo;ils auraient pu obtenir de vous ailleurs. Dans les param\u00e8tres des cookies, vous pouvez d\u00e9cider si vous souhaitez accepter les cookies marketing et r\u00e9voquer votre consentement \u00e0 tout moment avec effet pour l&rsquo;avenir. De plus amples informations sur les cookies marketing utilis\u00e9s et les services tiers, ainsi que sur les options d&rsquo;ajustement et de r\u00e9vocation, sont disponibles dans notre <a href=\"https:\/\/www.groups.swiss\/fr\/leisure\/info\/datenschutzerklaerung\">politique de confidentialit\u00e9, sections 10 et 13<\/a>. <strong>Contenu<\/strong> : Facebook<\/p>\n\n\n\n<p><\/p>\n\n\n\n<p><\/p>\n\n\n\n      <h1 id=\"block_7f0600324fadc628a7f71028fe722083\" class=\"title title--xxlarge text-header typo-off text-left l-block\" >\n  \n  \n\n\n\n<\/h1>","protected":false},"excerpt":{"rendered":"<p>Sur notre site web, nous, Groups AG, utilisons des cookies n\u00e9cessaires, y compris un soi-disant cookie de s\u00e9lection qui enregistre l&rsquo;\u00e9tat de vos pr\u00e9f\u00e9rences en mati\u00e8re de cookies. De plus, nous utilisons des cookies fonctionnels, dont vous pouvez vous opposer \u00e0 l&rsquo;utilisation et au stockage \u00e0 tout moment avec effet pour l&rsquo;avenir.Nous n&rsquo;utiliserons des cookies [&hellip;]<\/p>\n","protected":false},"author":2,"featured_media":0,"parent":0,"menu_order":0,"comment_status":"closed","ping_status":"closed","template":"","meta":{"_acf_changed":false,"footnotes":""},"class_list":["post-1145","page","type-page","status-publish",""],"acf":[],"yoast_head":"<!-- This site is optimized with the Yoast SEO plugin v27.5 - https:\/\/yoast.com\/product\/yoast-seo-wordpress\/ -->\n<title>Politique de\u00a0Cookies - host.groupstravel.com<\/title>\n<meta name=\"robots\" content=\"index, follow, max-snippet:-1, max-image-preview:large, max-video-preview:-1\" \/>\n<link rel=\"canonical\" href=\"https:\/\/host.groupstravel.com\/fr\/cookie-policy\/\" \/>\n<meta property=\"og:locale\" content=\"fr_FR\" \/>\n<meta property=\"og:type\" content=\"article\" \/>\n<meta property=\"og:title\" content=\"Politique de\u00a0Cookies - host.groupstravel.com\" \/>\n<meta property=\"og:description\" content=\"Sur notre site web, nous, Groups AG, utilisons des cookies n\u00e9cessaires, y compris un soi-disant cookie de s\u00e9lection qui enregistre l&rsquo;\u00e9tat de vos pr\u00e9f\u00e9rences en mati\u00e8re de cookies. De plus, nous utilisons des cookies fonctionnels, dont vous pouvez vous opposer \u00e0 l&rsquo;utilisation et au stockage \u00e0 tout moment avec effet pour l&rsquo;avenir.Nous n&rsquo;utiliserons des cookies [&hellip;]\" \/>\n<meta property=\"og:url\" content=\"https:\/\/host.groupstravel.com\/fr\/cookie-policy\/\" \/>\n<meta property=\"og:site_name\" content=\"host.groupstravel.com\" \/>\n<meta property=\"article:modified_time\" content=\"2024-11-06T11:01:40+00:00\" \/>\n<meta property=\"og:image\" content=\"https:\/\/host.groupstravel.com\/wp-content\/uploads\/2024\/11\/groups-cover.jpg\" \/>\n\t<meta property=\"og:image:width\" content=\"1200\" \/>\n\t<meta property=\"og:image:height\" content=\"675\" \/>\n\t<meta property=\"og:image:type\" content=\"image\/jpeg\" \/>\n<meta name=\"twitter:card\" content=\"summary_large_image\" \/>\n<meta name=\"twitter:label1\" content=\"Dur\u00e9e de lecture estim\u00e9e\" \/>\n\t<meta name=\"twitter:data1\" content=\"5 minutes\" \/>\n<script type=\"application\/ld+json\" class=\"yoast-schema-graph\">{\"@context\":\"https:\\\/\\\/schema.org\",\"@graph\":[{\"@type\":\"WebPage\",\"@id\":\"https:\\\/\\\/host.groupstravel.com\\\/fr\\\/cookie-policy\\\/\",\"url\":\"https:\\\/\\\/host.groupstravel.com\\\/fr\\\/cookie-policy\\\/\",\"name\":\"Politique de\u00a0Cookies - host.groupstravel.com\",\"isPartOf\":{\"@id\":\"https:\\\/\\\/host.groupstravel.com\\\/fr\\\/#website\"},\"datePublished\":\"2024-09-04T10:39:11+00:00\",\"dateModified\":\"2024-11-06T11:01:40+00:00\",\"breadcrumb\":{\"@id\":\"https:\\\/\\\/host.groupstravel.com\\\/fr\\\/cookie-policy\\\/#breadcrumb\"},\"inLanguage\":\"fr-FR\",\"potentialAction\":[{\"@type\":\"ReadAction\",\"target\":[\"https:\\\/\\\/host.groupstravel.com\\\/fr\\\/cookie-policy\\\/\"]}]},{\"@type\":\"BreadcrumbList\",\"@id\":\"https:\\\/\\\/host.groupstravel.com\\\/fr\\\/cookie-policy\\\/#breadcrumb\",\"itemListElement\":[{\"@type\":\"ListItem\",\"position\":1,\"name\":\"Home\",\"item\":\"https:\\\/\\\/host.groupstravel.com\\\/fr\\\/\"},{\"@type\":\"ListItem\",\"position\":2,\"name\":\"Politique de\u00a0Cookies\"}]},{\"@type\":\"WebSite\",\"@id\":\"https:\\\/\\\/host.groupstravel.com\\\/fr\\\/#website\",\"url\":\"https:\\\/\\\/host.groupstravel.com\\\/fr\\\/\",\"name\":\"Groups Swiss\",\"description\":\"Gastgeber werden f\u00fcr Deine Ferienunterkunft\",\"publisher\":{\"@id\":\"https:\\\/\\\/host.groupstravel.com\\\/fr\\\/#organization\"},\"potentialAction\":[{\"@type\":\"SearchAction\",\"target\":{\"@type\":\"EntryPoint\",\"urlTemplate\":\"https:\\\/\\\/host.groupstravel.com\\\/fr\\\/?s={search_term_string}\"},\"query-input\":{\"@type\":\"PropertyValueSpecification\",\"valueRequired\":true,\"valueName\":\"search_term_string\"}}],\"inLanguage\":\"fr-FR\"},{\"@type\":\"Organization\",\"@id\":\"https:\\\/\\\/host.groupstravel.com\\\/fr\\\/#organization\",\"name\":\"Groups Swiss\",\"url\":\"https:\\\/\\\/host.groupstravel.com\\\/fr\\\/\",\"logo\":{\"@type\":\"ImageObject\",\"inLanguage\":\"fr-FR\",\"@id\":\"https:\\\/\\\/host.groupstravel.com\\\/fr\\\/#\\\/schema\\\/logo\\\/image\\\/\",\"url\":\"https:\\\/\\\/host.groupstravel.com\\\/wp-content\\\/uploads\\\/2024\\\/11\\\/logo-groups.png\",\"contentUrl\":\"https:\\\/\\\/host.groupstravel.com\\\/wp-content\\\/uploads\\\/2024\\\/11\\\/logo-groups.png\",\"width\":696,\"height\":696,\"caption\":\"Groups Swiss\"},\"image\":{\"@id\":\"https:\\\/\\\/host.groupstravel.com\\\/fr\\\/#\\\/schema\\\/logo\\\/image\\\/\"}}]}<\/script>\n<!-- \/ Yoast SEO plugin. -->","yoast_head_json":{"title":"Politique de\u00a0Cookies - host.groupstravel.com","robots":{"index":"index","follow":"follow","max-snippet":"max-snippet:-1","max-image-preview":"max-image-preview:large","max-video-preview":"max-video-preview:-1"},"canonical":"https:\/\/host.groupstravel.com\/fr\/cookie-policy\/","og_locale":"fr_FR","og_type":"article","og_title":"Politique de\u00a0Cookies - host.groupstravel.com","og_description":"Sur notre site web, nous, Groups AG, utilisons des cookies n\u00e9cessaires, y compris un soi-disant cookie de s\u00e9lection qui enregistre l&rsquo;\u00e9tat de vos pr\u00e9f\u00e9rences en mati\u00e8re de cookies. De plus, nous utilisons des cookies fonctionnels, dont vous pouvez vous opposer \u00e0 l&rsquo;utilisation et au stockage \u00e0 tout moment avec effet pour l&rsquo;avenir.Nous n&rsquo;utiliserons des cookies [&hellip;]","og_url":"https:\/\/host.groupstravel.com\/fr\/cookie-policy\/","og_site_name":"host.groupstravel.com","article_modified_time":"2024-11-06T11:01:40+00:00","og_image":[{"width":1200,"height":675,"url":"https:\/\/host.groupstravel.com\/wp-content\/uploads\/2024\/11\/groups-cover.jpg","type":"image\/jpeg"}],"twitter_card":"summary_large_image","twitter_misc":{"Dur\u00e9e de lecture estim\u00e9e":"5 minutes"},"schema":{"@context":"https:\/\/schema.org","@graph":[{"@type":"WebPage","@id":"https:\/\/host.groupstravel.com\/fr\/cookie-policy\/","url":"https:\/\/host.groupstravel.com\/fr\/cookie-policy\/","name":"Politique de\u00a0Cookies - host.groupstravel.com","isPartOf":{"@id":"https:\/\/host.groupstravel.com\/fr\/#website"},"datePublished":"2024-09-04T10:39:11+00:00","dateModified":"2024-11-06T11:01:40+00:00","breadcrumb":{"@id":"https:\/\/host.groupstravel.com\/fr\/cookie-policy\/#breadcrumb"},"inLanguage":"fr-FR","potentialAction":[{"@type":"ReadAction","target":["https:\/\/host.groupstravel.com\/fr\/cookie-policy\/"]}]},{"@type":"BreadcrumbList","@id":"https:\/\/host.groupstravel.com\/fr\/cookie-policy\/#breadcrumb","itemListElement":[{"@type":"ListItem","position":1,"name":"Home","item":"https:\/\/host.groupstravel.com\/fr\/"},{"@type":"ListItem","position":2,"name":"Politique de\u00a0Cookies"}]},{"@type":"WebSite","@id":"https:\/\/host.groupstravel.com\/fr\/#website","url":"https:\/\/host.groupstravel.com\/fr\/","name":"Groups Swiss","description":"Gastgeber werden f\u00fcr Deine Ferienunterkunft","publisher":{"@id":"https:\/\/host.groupstravel.com\/fr\/#organization"},"potentialAction":[{"@type":"SearchAction","target":{"@type":"EntryPoint","urlTemplate":"https:\/\/host.groupstravel.com\/fr\/?s={search_term_string}"},"query-input":{"@type":"PropertyValueSpecification","valueRequired":true,"valueName":"search_term_string"}}],"inLanguage":"fr-FR"},{"@type":"Organization","@id":"https:\/\/host.groupstravel.com\/fr\/#organization","name":"Groups Swiss","url":"https:\/\/host.groupstravel.com\/fr\/","logo":{"@type":"ImageObject","inLanguage":"fr-FR","@id":"https:\/\/host.groupstravel.com\/fr\/#\/schema\/logo\/image\/","url":"https:\/\/host.groupstravel.com\/wp-content\/uploads\/2024\/11\/logo-groups.png","contentUrl":"https:\/\/host.groupstravel.com\/wp-content\/uploads\/2024\/11\/logo-groups.png","width":696,"height":696,"caption":"Groups Swiss"},"image":{"@id":"https:\/\/host.groupstravel.com\/fr\/#\/schema\/logo\/image\/"}}]}},"_links":{"self":[{"href":"https:\/\/host.groupstravel.com\/fr\/wp-json\/wp\/v2\/pages\/1145","targetHints":{"allow":["GET"]}}],"collection":[{"href":"https:\/\/host.groupstravel.com\/fr\/wp-json\/wp\/v2\/pages"}],"about":[{"href":"https:\/\/host.groupstravel.com\/fr\/wp-json\/wp\/v2\/types\/page"}],"author":[{"embeddable":true,"href":"https:\/\/host.groupstravel.com\/fr\/wp-json\/wp\/v2\/users\/2"}],"replies":[{"embeddable":true,"href":"https:\/\/host.groupstravel.com\/fr\/wp-json\/wp\/v2\/comments?post=1145"}],"version-history":[{"count":12,"href":"https:\/\/host.groupstravel.com\/fr\/wp-json\/wp\/v2\/pages\/1145\/revisions"}],"predecessor-version":[{"id":3107,"href":"https:\/\/host.groupstravel.com\/fr\/wp-json\/wp\/v2\/pages\/1145\/revisions\/3107"}],"wp:attachment":[{"href":"https:\/\/host.groupstravel.com\/fr\/wp-json\/wp\/v2\/media?parent=1145"}],"curies":[{"name":"wp","href":"https:\/\/api.w.org\/{rel}","templated":true}]}}