{"id":1180,"date":"2024-09-04T10:39:30","date_gmt":"2024-09-04T10:39:30","guid":{"rendered":"https:\/\/host.groupstravel.com\/imprint\/"},"modified":"2024-11-30T10:27:43","modified_gmt":"2024-11-30T10:27:43","slug":"imprint","status":"publish","type":"page","link":"https:\/\/host.groupstravel.com\/fr\/imprint\/","title":{"rendered":"Mentions l\u00e9gales"},"content":{"rendered":"\n      <div id=\"block_8c47a040f80e37dae076751dbc5c0684\" class=\"block-hero alignfull relative l-block\" >\n  \n  \n<div class=\"relative\">\n  <img decoding=\"async\" width=\"1\" height=\"1\" src=\"https:\/\/host.groupstravel.com\/wp-content\/uploads\/2024\/10\/IMG_9566.jpg\" class=\"absolute inset-0 object-cover w-full h-full z-10 m-0 skip-lazy\" alt=\"\" \/>  <div class=\"hero-style-default pt-[392px] sm:pt-[33px] sm:pb-[33px] sm:min-h-[600px] lg:min-h-[726px] flex items-end relative\">\n    \n    <div class=\"l-wrap relative z-20 h-full w-full\">\n      <div class=\"h-full\">\n        <div class=\"h-full flex flex-col justify-end\">\n                    <div>\n            <div class=\"bg-black\/60 px-6 sm:px-10 pt-8 sm:pt-8 pb-6 sm:pb-8 max-w-[585px] rounded-default rounded-es-none mb-4\" data-aos=\"fade-down\" data-aos-duration=\"800\" data-aos-delay=\"0\">\n                            <h1 class=\"title title--sans-display text-white [&#038;_strong]:text-brand mb-[1.3rem] md:leading-1 mt-2 \"><strong>Mentions l\u00e9gales<\/strong>\n<\/h1>              \n                                        <\/div>\n          <\/div>\n                  <\/div>\n      <\/div>\n    <\/div>\n  <\/div>\n<\/div>\n\n\n<\/div>\n\n\n<div style=\"height:100px\" aria-hidden=\"true\" class=\"wp-block-spacer\"><\/div>\n\n\n\n      <h2 id=\"block_80b7c8171a257f861a2d7ec6f2e92427\" class=\"title title--xxlarge text-header typo-off text-left l-block\" >\n  \n  \n\nMentions l\u00e9gales\n\n<\/h2>\n\n\n<p class=\"has-medium-font-size\"><strong>Informations sur le prestataire de services<\/strong><\/p>\n\n\n\n<p>Groups AG<br>Allmendlistrasse 9b<br>CH-5507 Mellingen<br>Suisse<br>T\u00e9l. +41 (0) 61 926 60 00<\/p>\n\n\n\n<p>Web : <a href=\"https:\/\/www.groups.swiss\/\">www.groups.swiss<\/a>, <a href=\"https:\/\/www.groupstravel.com\/\">www.groupstravel.com<\/a>, <a href=\"http:\/\/www.host.groupstravel.com\">www.host.groupstravel.com<\/a><\/p>\n\n\n\n<p>Si\u00e8ge social : Mellingen<br>Registre du commerce : Canton d&rsquo;Argovie<br>Num\u00e9ro d&rsquo;identification de l&rsquo;entreprise (UID)\/Num\u00e9ro de soci\u00e9t\u00e9 : CHE-105.849.523<\/p>\n\n\n\n<div class=\"wp-block-group is-vertical is-layout-flex wp-container-core-group-is-layout-8cf370e7 wp-block-group-is-layout-flex\">\n<p>Repr\u00e9sentant autoris\u00e9 et Pr\u00e9sident de la direction :<br>Kate Weiss<\/p>\n\n\n\n<p>Conseil d&rsquo;administration :<br>Patrick Weiss<\/p>\n<\/div>\n\n\n\n<p><strong>Responsable des contenus \u00e9ditoriaux<\/strong> :<br>Kate Weiss (coordonn\u00e9es ci-dessus)<\/p>\n\n\n\n<p><strong>Responsabilit\u00e9 concernant le contenu<\/strong><br>Le contenu des pages accessibles dans notre offre a \u00e9t\u00e9 cr\u00e9\u00e9 avec le plus grand soin. Cependant, nous ne pouvons garantir l&rsquo;exactitude, l&rsquo;exhaustivit\u00e9 et l&rsquo;actualit\u00e9 des contenus. Les contributions sp\u00e9cifiquement identifi\u00e9es refl\u00e8tent l&rsquo;opinion de l&rsquo;auteur respectif et non celle de l&rsquo;entreprise.<\/p>\n\n\n\n<p><strong>Responsabilit\u00e9 concernant les liens<\/strong><br>Dans la mesure o\u00f9 nos pages contiennent des hyperliens vers des sites web externes de tiers, nous ne pouvons assumer la responsabilit\u00e9 du contenu \u00e9tranger, car nous n&rsquo;avons aucune influence sur ce contenu. Le fournisseur ou l&rsquo;exploitant des pages vers lesquelles nous avons cr\u00e9\u00e9 des liens est toujours responsable de ce contenu.<\/p>\n\n\n\n<p><strong>Droits d&rsquo;auteur<\/strong><br>Le droit d&rsquo;auteur ainsi que tous les autres droits sur les contenus, images, photos ou autres fichiers sur le site web appartiennent exclusivement \u00e0 l&rsquo;entreprise Groups ou aux titulaires des droits sp\u00e9cifiquement mentionn\u00e9s. Le consentement \u00e9crit pr\u00e9alable des titulaires de droits d&rsquo;auteur doit \u00eatre obtenu avant toute utilisation de contenu. Les t\u00e9l\u00e9chargements et copies de ces pages ne sont autoris\u00e9s que pour un usage priv\u00e9 et non commercial.<\/p>\n\n\n\n<p><strong>Coordonn\u00e9es bancaires<\/strong><br>IBAN : CH36 0900 0000 4003 2276 6<br>Code SWIFT\/BIC PostFinance : POFI CH BE XXX<br>Nom de la banque : Swiss Post, PostFinance, Engehaldenstrasse 37, 3030 Berne<br>Num\u00e9ro de compensation PostFinance : 09000<\/p>\n\n\n\n<p><\/p>\n\n\n\n<p><\/p>\n\n\n\n<p><\/p>\n","protected":false},"excerpt":{"rendered":"<p>Informations sur le prestataire de services Groups AGAllmendlistrasse 9bCH-5507 MellingenSuisseT\u00e9l. +41 (0) 61 926 60 00 Web : www.groups.swiss, www.groupstravel.com, www.host.groupstravel.com Si\u00e8ge social : MellingenRegistre du commerce : Canton d&rsquo;ArgovieNum\u00e9ro d&rsquo;identification de l&rsquo;entreprise (UID)\/Num\u00e9ro de soci\u00e9t\u00e9 : CHE-105.849.523 Repr\u00e9sentant autoris\u00e9 et Pr\u00e9sident de la direction :Kate Weiss Conseil d&rsquo;administration :Patrick Weiss Responsable des contenus \u00e9ditoriaux [&hellip;]<\/p>\n","protected":false},"author":2,"featured_media":0,"parent":0,"menu_order":0,"comment_status":"closed","ping_status":"closed","template":"page-simple-text.php","meta":{"_acf_changed":false,"footnotes":""},"class_list":["post-1180","page","type-page","status-publish",""],"acf":[],"yoast_head":"<!-- This site is optimized with the Yoast SEO plugin v27.5 - https:\/\/yoast.com\/product\/yoast-seo-wordpress\/ -->\n<title>Mentions l\u00e9gales - host.groupstravel.com<\/title>\n<meta name=\"robots\" content=\"index, follow, max-snippet:-1, max-image-preview:large, max-video-preview:-1\" \/>\n<link rel=\"canonical\" href=\"https:\/\/host.groupstravel.com\/fr\/imprint\/\" \/>\n<meta property=\"og:locale\" content=\"fr_FR\" \/>\n<meta property=\"og:type\" content=\"article\" \/>\n<meta property=\"og:title\" content=\"Mentions l\u00e9gales - host.groupstravel.com\" \/>\n<meta property=\"og:description\" content=\"Informations sur le prestataire de services Groups AGAllmendlistrasse 9bCH-5507 MellingenSuisseT\u00e9l. +41 (0) 61 926 60 00 Web : www.groups.swiss, www.groupstravel.com, www.host.groupstravel.com Si\u00e8ge social : MellingenRegistre du commerce : Canton d&rsquo;ArgovieNum\u00e9ro d&rsquo;identification de l&rsquo;entreprise (UID)\/Num\u00e9ro de soci\u00e9t\u00e9 : CHE-105.849.523 Repr\u00e9sentant autoris\u00e9 et Pr\u00e9sident de la direction :Kate Weiss Conseil d&rsquo;administration :Patrick Weiss Responsable des contenus \u00e9ditoriaux [&hellip;]\" \/>\n<meta property=\"og:url\" content=\"https:\/\/host.groupstravel.com\/fr\/imprint\/\" \/>\n<meta property=\"og:site_name\" content=\"host.groupstravel.com\" \/>\n<meta property=\"article:modified_time\" content=\"2024-11-30T10:27:43+00:00\" \/>\n<meta property=\"og:image\" content=\"https:\/\/host.groupstravel.com\/wp-content\/uploads\/2024\/11\/groups-cover.jpg\" \/>\n\t<meta property=\"og:image:width\" content=\"1200\" \/>\n\t<meta property=\"og:image:height\" content=\"675\" \/>\n\t<meta property=\"og:image:type\" content=\"image\/jpeg\" \/>\n<meta name=\"twitter:card\" content=\"summary_large_image\" \/>\n<meta name=\"twitter:label1\" content=\"Dur\u00e9e de lecture estim\u00e9e\" \/>\n\t<meta name=\"twitter:data1\" content=\"2 minutes\" \/>\n<script type=\"application\/ld+json\" class=\"yoast-schema-graph\">{\"@context\":\"https:\\\/\\\/schema.org\",\"@graph\":[{\"@type\":\"WebPage\",\"@id\":\"https:\\\/\\\/host.groupstravel.com\\\/fr\\\/imprint\\\/\",\"url\":\"https:\\\/\\\/host.groupstravel.com\\\/fr\\\/imprint\\\/\",\"name\":\"Mentions l\u00e9gales - host.groupstravel.com\",\"isPartOf\":{\"@id\":\"https:\\\/\\\/host.groupstravel.com\\\/fr\\\/#website\"},\"datePublished\":\"2024-09-04T10:39:30+00:00\",\"dateModified\":\"2024-11-30T10:27:43+00:00\",\"breadcrumb\":{\"@id\":\"https:\\\/\\\/host.groupstravel.com\\\/fr\\\/imprint\\\/#breadcrumb\"},\"inLanguage\":\"fr-FR\",\"potentialAction\":[{\"@type\":\"ReadAction\",\"target\":[\"https:\\\/\\\/host.groupstravel.com\\\/fr\\\/imprint\\\/\"]}]},{\"@type\":\"BreadcrumbList\",\"@id\":\"https:\\\/\\\/host.groupstravel.com\\\/fr\\\/imprint\\\/#breadcrumb\",\"itemListElement\":[{\"@type\":\"ListItem\",\"position\":1,\"name\":\"Home\",\"item\":\"https:\\\/\\\/host.groupstravel.com\\\/fr\\\/\"},{\"@type\":\"ListItem\",\"position\":2,\"name\":\"Mentions l\u00e9gales\"}]},{\"@type\":\"WebSite\",\"@id\":\"https:\\\/\\\/host.groupstravel.com\\\/fr\\\/#website\",\"url\":\"https:\\\/\\\/host.groupstravel.com\\\/fr\\\/\",\"name\":\"Groups Swiss\",\"description\":\"Gastgeber werden f\u00fcr Deine Ferienunterkunft\",\"publisher\":{\"@id\":\"https:\\\/\\\/host.groupstravel.com\\\/fr\\\/#organization\"},\"potentialAction\":[{\"@type\":\"SearchAction\",\"target\":{\"@type\":\"EntryPoint\",\"urlTemplate\":\"https:\\\/\\\/host.groupstravel.com\\\/fr\\\/?s={search_term_string}\"},\"query-input\":{\"@type\":\"PropertyValueSpecification\",\"valueRequired\":true,\"valueName\":\"search_term_string\"}}],\"inLanguage\":\"fr-FR\"},{\"@type\":\"Organization\",\"@id\":\"https:\\\/\\\/host.groupstravel.com\\\/fr\\\/#organization\",\"name\":\"Groups Swiss\",\"url\":\"https:\\\/\\\/host.groupstravel.com\\\/fr\\\/\",\"logo\":{\"@type\":\"ImageObject\",\"inLanguage\":\"fr-FR\",\"@id\":\"https:\\\/\\\/host.groupstravel.com\\\/fr\\\/#\\\/schema\\\/logo\\\/image\\\/\",\"url\":\"https:\\\/\\\/host.groupstravel.com\\\/wp-content\\\/uploads\\\/2024\\\/11\\\/logo-groups.png\",\"contentUrl\":\"https:\\\/\\\/host.groupstravel.com\\\/wp-content\\\/uploads\\\/2024\\\/11\\\/logo-groups.png\",\"width\":696,\"height\":696,\"caption\":\"Groups Swiss\"},\"image\":{\"@id\":\"https:\\\/\\\/host.groupstravel.com\\\/fr\\\/#\\\/schema\\\/logo\\\/image\\\/\"}}]}<\/script>\n<!-- \/ Yoast SEO plugin. -->","yoast_head_json":{"title":"Mentions l\u00e9gales - host.groupstravel.com","robots":{"index":"index","follow":"follow","max-snippet":"max-snippet:-1","max-image-preview":"max-image-preview:large","max-video-preview":"max-video-preview:-1"},"canonical":"https:\/\/host.groupstravel.com\/fr\/imprint\/","og_locale":"fr_FR","og_type":"article","og_title":"Mentions l\u00e9gales - host.groupstravel.com","og_description":"Informations sur le prestataire de services Groups AGAllmendlistrasse 9bCH-5507 MellingenSuisseT\u00e9l. +41 (0) 61 926 60 00 Web : www.groups.swiss, www.groupstravel.com, www.host.groupstravel.com Si\u00e8ge social : MellingenRegistre du commerce : Canton d&rsquo;ArgovieNum\u00e9ro d&rsquo;identification de l&rsquo;entreprise (UID)\/Num\u00e9ro de soci\u00e9t\u00e9 : CHE-105.849.523 Repr\u00e9sentant autoris\u00e9 et Pr\u00e9sident de la direction :Kate Weiss Conseil d&rsquo;administration :Patrick Weiss Responsable des contenus \u00e9ditoriaux [&hellip;]","og_url":"https:\/\/host.groupstravel.com\/fr\/imprint\/","og_site_name":"host.groupstravel.com","article_modified_time":"2024-11-30T10:27:43+00:00","og_image":[{"width":1200,"height":675,"url":"https:\/\/host.groupstravel.com\/wp-content\/uploads\/2024\/11\/groups-cover.jpg","type":"image\/jpeg"}],"twitter_card":"summary_large_image","twitter_misc":{"Dur\u00e9e de lecture estim\u00e9e":"2 minutes"},"schema":{"@context":"https:\/\/schema.org","@graph":[{"@type":"WebPage","@id":"https:\/\/host.groupstravel.com\/fr\/imprint\/","url":"https:\/\/host.groupstravel.com\/fr\/imprint\/","name":"Mentions l\u00e9gales - host.groupstravel.com","isPartOf":{"@id":"https:\/\/host.groupstravel.com\/fr\/#website"},"datePublished":"2024-09-04T10:39:30+00:00","dateModified":"2024-11-30T10:27:43+00:00","breadcrumb":{"@id":"https:\/\/host.groupstravel.com\/fr\/imprint\/#breadcrumb"},"inLanguage":"fr-FR","potentialAction":[{"@type":"ReadAction","target":["https:\/\/host.groupstravel.com\/fr\/imprint\/"]}]},{"@type":"BreadcrumbList","@id":"https:\/\/host.groupstravel.com\/fr\/imprint\/#breadcrumb","itemListElement":[{"@type":"ListItem","position":1,"name":"Home","item":"https:\/\/host.groupstravel.com\/fr\/"},{"@type":"ListItem","position":2,"name":"Mentions l\u00e9gales"}]},{"@type":"WebSite","@id":"https:\/\/host.groupstravel.com\/fr\/#website","url":"https:\/\/host.groupstravel.com\/fr\/","name":"Groups Swiss","description":"Gastgeber werden f\u00fcr Deine Ferienunterkunft","publisher":{"@id":"https:\/\/host.groupstravel.com\/fr\/#organization"},"potentialAction":[{"@type":"SearchAction","target":{"@type":"EntryPoint","urlTemplate":"https:\/\/host.groupstravel.com\/fr\/?s={search_term_string}"},"query-input":{"@type":"PropertyValueSpecification","valueRequired":true,"valueName":"search_term_string"}}],"inLanguage":"fr-FR"},{"@type":"Organization","@id":"https:\/\/host.groupstravel.com\/fr\/#organization","name":"Groups Swiss","url":"https:\/\/host.groupstravel.com\/fr\/","logo":{"@type":"ImageObject","inLanguage":"fr-FR","@id":"https:\/\/host.groupstravel.com\/fr\/#\/schema\/logo\/image\/","url":"https:\/\/host.groupstravel.com\/wp-content\/uploads\/2024\/11\/logo-groups.png","contentUrl":"https:\/\/host.groupstravel.com\/wp-content\/uploads\/2024\/11\/logo-groups.png","width":696,"height":696,"caption":"Groups Swiss"},"image":{"@id":"https:\/\/host.groupstravel.com\/fr\/#\/schema\/logo\/image\/"}}]}},"_links":{"self":[{"href":"https:\/\/host.groupstravel.com\/fr\/wp-json\/wp\/v2\/pages\/1180","targetHints":{"allow":["GET"]}}],"collection":[{"href":"https:\/\/host.groupstravel.com\/fr\/wp-json\/wp\/v2\/pages"}],"about":[{"href":"https:\/\/host.groupstravel.com\/fr\/wp-json\/wp\/v2\/types\/page"}],"author":[{"embeddable":true,"href":"https:\/\/host.groupstravel.com\/fr\/wp-json\/wp\/v2\/users\/2"}],"replies":[{"embeddable":true,"href":"https:\/\/host.groupstravel.com\/fr\/wp-json\/wp\/v2\/comments?post=1180"}],"version-history":[{"count":13,"href":"https:\/\/host.groupstravel.com\/fr\/wp-json\/wp\/v2\/pages\/1180\/revisions"}],"predecessor-version":[{"id":3752,"href":"https:\/\/host.groupstravel.com\/fr\/wp-json\/wp\/v2\/pages\/1180\/revisions\/3752"}],"wp:attachment":[{"href":"https:\/\/host.groupstravel.com\/fr\/wp-json\/wp\/v2\/media?parent=1180"}],"curies":[{"name":"wp","href":"https:\/\/api.w.org\/{rel}","templated":true}]}}