{"id":1205,"date":"2024-09-04T10:39:20","date_gmt":"2024-09-04T10:39:20","guid":{"rendered":"https:\/\/host.groupstravel.com\/terms-and-conditions\/"},"modified":"2024-11-14T12:14:19","modified_gmt":"2024-11-14T12:14:19","slug":"terms-and-conditions","status":"publish","type":"page","link":"https:\/\/host.groupstravel.com\/fr\/terms-and-conditions\/","title":{"rendered":"Conditions g\u00e9n\u00e9rales d&rsquo;utilisation"},"content":{"rendered":"\n      <div id=\"block_fde8dd0c6f6ce19dbe68e14ef4482ad5\" class=\"block-hero alignfull relative l-block\" >\n  \n  \n<div class=\"relative\">\n  <img decoding=\"async\" width=\"1920\" height=\"2560\" src=\"https:\/\/host.groupstravel.com\/wp-content\/uploads\/2024\/10\/IMG_6344-2-rotated.jpg\" class=\"absolute inset-0 object-cover w-full h-full z-10 m-0 skip-lazy\" alt=\"\" srcset=\"https:\/\/host.groupstravel.com\/wp-content\/uploads\/2024\/10\/IMG_6344-2-rotated.jpg 1920w, https:\/\/host.groupstravel.com\/wp-content\/uploads\/2024\/10\/IMG_6344-2-225x300.jpg 225w, https:\/\/host.groupstravel.com\/wp-content\/uploads\/2024\/10\/IMG_6344-2-768x1024.jpg 768w, https:\/\/host.groupstravel.com\/wp-content\/uploads\/2024\/10\/IMG_6344-2-1152x1536.jpg 1152w, https:\/\/host.groupstravel.com\/wp-content\/uploads\/2024\/10\/IMG_6344-2-1536x2048.jpg 1536w, https:\/\/host.groupstravel.com\/wp-content\/uploads\/2024\/10\/IMG_6344-2-380x507.jpg 380w, https:\/\/host.groupstravel.com\/wp-content\/uploads\/2024\/10\/IMG_6344-2-412x549.jpg 412w, https:\/\/host.groupstravel.com\/wp-content\/uploads\/2024\/10\/IMG_6344-2-1200x1600.jpg 1200w, https:\/\/host.groupstravel.com\/wp-content\/uploads\/2024\/10\/IMG_6344-2-1350x1800.jpg 1350w\" sizes=\"(max-width: 1920px) 100vw, 1920px\" \/>  <div class=\"hero-style-default pt-[392px] sm:pt-[33px] sm:pb-[33px] sm:min-h-[600px] lg:min-h-[726px] flex items-end relative\">\n    \n    <div class=\"l-wrap relative z-20 h-full w-full\">\n      <div class=\"h-full\">\n        <div class=\"h-full flex flex-col justify-end\">\n                    <div>\n            <div class=\"bg-black\/60 px-6 sm:px-10 pt-8 sm:pt-8 pb-6 sm:pb-8 max-w-[585px] rounded-default rounded-es-none mb-4\" data-aos=\"fade-down\" data-aos-duration=\"800\" data-aos-delay=\"0\">\n                            <h1 class=\"title title--sans-display text-white [&#038;_strong]:text-brand mb-[1.3rem] md:leading-1 mt-2 \"><strong>Conditions g\u00e9n\u00e9rales d&rsquo;utilisation<\/strong>\n<\/h1>              \n                                        <\/div>\n          <\/div>\n                  <\/div>\n      <\/div>\n    <\/div>\n  <\/div>\n<\/div>\n\n\n<\/div>\n\n\n      <div id=\"block_a8604ac4dc845a4ed08a8d683327f465\" class=\"block-spacer typo-off  alignfull  l-block\" >\n  \n  \n<style>#block_a8604ac4dc845a4ed08a8d683327f465 { height: 24px;  } @media (min-width: 768px) { #block_a8604ac4dc845a4ed08a8d683327f465 { height: 36px;  } }@media (min-width: 992px) { #block_a8604ac4dc845a4ed08a8d683327f465 { height: 48px;  } }@media (min-width: 1200px) { #block_a8604ac4dc845a4ed08a8d683327f465 { height: 54px;  } }@media (min-width: 1500px) { #block_a8604ac4dc845a4ed08a8d683327f465 { height: 60px;  } }<\/style><\/div>\n\n\n      <h2 id=\"block_82cdd7ed5514ffcddc1e66a17ddaa552\" class=\"title title--xxlarge text-header typo-off text-left l-block\" >\n  \n  \n\nConditions G\u00e9n\u00e9rales d&rsquo;Utilisation pour www.host.groupstravel.com\n\n<\/h2>\n\n\n      <h2 id=\"block_0897ecd6f7a12cafdac2b3db6bfe8ff0\" class=\"title title--xlarge text-header typo-off text-left l-block\" >\n  \n  \n\n1. Champ d&rsquo;application\n\n<\/h2>\n\n\n<p>Les pr\u00e9sentes Conditions G\u00e9n\u00e9rales d&rsquo;Utilisation (ci-apr\u00e8s d\u00e9nomm\u00e9es \u00ab CGU \u00bb) r\u00e9gissent l&rsquo;utilisation de la plateforme www.host.groupstravel.com (ci-apr\u00e8s d\u00e9nomm\u00e9e \u00ab Plateforme \u00bb), exploit\u00e9e par Groups AG (ci-apr\u00e8s d\u00e9nomm\u00e9e \u00ab Fournisseur \u00bb). En utilisant la Plateforme, vous acceptez ces CGU.<\/p>\n\n\n\n      <h1 id=\"block_b9054a088c8b5dc434e379c423213cab\" class=\"title title--xlarge text-header typo-off text-left l-block\" >\n  \n  \n\n2. Description de la Plateforme\n\n<\/h1>\n\n\n<p>La Plateforme a pour but de fournir des informations pour la m\u00e9diation de maisons de vacances et de groupes, ainsi que des informations sur divers modules, partenaires et options de marketing pour les h\u00f4tes. Les utilisateurs ont la possibilit\u00e9 d&rsquo;\u00eatre redirig\u00e9s directement via un lien d&rsquo;inscription fourni pour enregistrer leur h\u00e9bergement sur les portails www.groupstravel.com.<\/p>\n\n\n\n      <h1 id=\"block_156a4b423857b13fc078e207505e5679\" class=\"title title--xlarge text-header typo-off text-left l-block\" >\n  \n  \n\n3. Inscription et Utilisation\n\n<\/h1>\n\n\n<p>3.1. Afin d&rsquo;utiliser la plateforme www.groupstravel.com, les h\u00f4tes doivent s&rsquo;inscrire. L&rsquo;inscription se fait en remplissant le lien d&rsquo;inscription correspondant avec un nom d&rsquo;utilisateur et un mot de passe.<\/p>\n\n\n\n<p>3.2. L&rsquo;exactitude des donn\u00e9es fournies lors de l&rsquo;inscription rel\u00e8ve de la responsabilit\u00e9 de l&rsquo;utilisateur. Le Fournisseur n&rsquo;assume aucune responsabilit\u00e9 quant \u00e0 l&rsquo;exactitude des informations fournies.<\/p>\n\n\n\n<p>3.3. L&rsquo;utilisateur s&rsquo;engage \u00e0 garder ses donn\u00e9es d&rsquo;acc\u00e8s confidentielles et \u00e0 ne pas les divulguer \u00e0 des tiers. Le Fournisseur ne peut \u00eatre tenu responsable des dommages r\u00e9sultant d&rsquo;un usage abusif des donn\u00e9es d&rsquo;acc\u00e8s.<\/p>\n\n\n\n      <h1 id=\"block_744bdb58654c6a73bb67e5e71ec35bd3\" class=\"title title--xlarge text-header typo-off text-left l-block\" >\n  \n  \n\n4. Contenu et Offres\n\n<\/h1>\n\n\n<p>4.1. Les informations et offres fournies sur la Plateforme sont non contraignantes. Le Fournisseur se r\u00e9serve le droit de modifier ou de supprimer le contenu et les offres \u00e0 tout moment.<\/p>\n\n\n\n<p>4.2. Les h\u00f4tes sont responsables de la mise \u00e0 jour et de la correction des informations qu&rsquo;ils fournissent sur leurs h\u00e9bergements.<\/p>\n\n\n\n      <h1 id=\"block_2cb4bb2772c02929aa3a6657ca5a963c\" class=\"title title--xlarge text-header typo-off text-left l-block\" >\n  \n  \n\n5. Clause de non-responsabilit\u00e9\n\n<\/h1>\n\n\n<p>5.1. Le Fournisseur n&rsquo;est pas responsable des dommages r\u00e9sultant de l&rsquo;utilisation de la Plateforme ou de l&rsquo;impossibilit\u00e9 d&rsquo;utilisation, sauf s&rsquo;ils reposent sur une intention ou une n\u00e9gligence grave de la part du Fournisseur.<\/p>\n\n\n\n<p>5.2. Le Fournisseur n&rsquo;assume aucune responsabilit\u00e9 pour le contenu des liens externes ou des offres li\u00e9s sur la Plateforme. Les op\u00e9rateurs des sites web concern\u00e9s sont seuls responsables de ce contenu.<\/p>\n\n\n\n      <h1 id=\"block_d2329ccbae47219be96f51dea827d3b7\" class=\"title title--xlarge text-header typo-off text-left l-block\" >\n  \n  \n\n6. Protection des donn\u00e9es\n\n<\/h1>\n\n\n<p>Le Fournisseur s&rsquo;engage \u00e0 respecter la r\u00e9glementation en mati\u00e8re de protection des donn\u00e9es en vigueur. Des informations compl\u00e9mentaires concernant le traitement des donn\u00e9es personnelles se trouvent dans la politique de confidentialit\u00e9 disponible sur la Plateforme.<\/p>\n\n\n\n      <h1 id=\"block_634f6ddc44513ebfc4cf8d047655b4a3\" class=\"title title--xlarge text-header typo-off text-left l-block\" >\n  \n  \n\n7. Modifications des CGU\n\n<\/h1>\n\n\n<p>Le Fournisseur se r\u00e9serve le droit de modifier ces CGU \u00e0 tout moment. Les utilisateurs seront inform\u00e9s des modifications en temps utile sur la Plateforme. En continuant \u00e0 utiliser la Plateforme apr\u00e8s les modifications des CGU, vous acceptez les conditions modifi\u00e9es.<\/p>\n\n\n\n      <h1 id=\"block_4c5d7957fdd873b910be86080f86a54e\" class=\"title title--xlarge text-header typo-off text-left l-block\" >\n  \n  \n\n8. Dispositions finales\n\n<\/h1>\n\n\n<p>8.1. Le droit suisse s\u2019applique.<\/p>\n\n\n\n<p>8.2. Si certaines dispositions de ces CGU s&rsquo;av\u00e9raient inapplicables ou non ex\u00e9cutables, les autres dispositions resteraient inchang\u00e9es.<\/p>\n\n\n\n<p><strong>\u00c9tat : <\/strong>Octobre 2024<\/p>\n\n\n\n      <div id=\"block_a8604ac4dc845a4ed08a8d683327f465\" class=\"block-spacer typo-off  alignfull  l-block\" >\n  \n  \n<style>#block_a8604ac4dc845a4ed08a8d683327f465 { height: 24px;  } @media (min-width: 768px) { #block_a8604ac4dc845a4ed08a8d683327f465 { height: 36px;  } }@media (min-width: 992px) { #block_a8604ac4dc845a4ed08a8d683327f465 { height: 48px;  } }@media (min-width: 1200px) { #block_a8604ac4dc845a4ed08a8d683327f465 { height: 54px;  } }@media (min-width: 1500px) { #block_a8604ac4dc845a4ed08a8d683327f465 { height: 60px;  } }<\/style><\/div>","protected":false},"excerpt":{"rendered":"<p>Les pr\u00e9sentes Conditions G\u00e9n\u00e9rales d&rsquo;Utilisation (ci-apr\u00e8s d\u00e9nomm\u00e9es \u00ab CGU \u00bb) r\u00e9gissent l&rsquo;utilisation de la plateforme www.host.groupstravel.com (ci-apr\u00e8s d\u00e9nomm\u00e9e \u00ab Plateforme \u00bb), exploit\u00e9e par Groups AG (ci-apr\u00e8s d\u00e9nomm\u00e9e \u00ab Fournisseur \u00bb). En utilisant la Plateforme, vous acceptez ces CGU. La Plateforme a pour but de fournir des informations pour la m\u00e9diation de maisons de vacances et [&hellip;]<\/p>\n","protected":false},"author":2,"featured_media":0,"parent":0,"menu_order":0,"comment_status":"closed","ping_status":"closed","template":"","meta":{"_acf_changed":false,"footnotes":""},"class_list":["post-1205","page","type-page","status-publish",""],"acf":[],"yoast_head":"<!-- This site is optimized with the Yoast SEO plugin v27.5 - https:\/\/yoast.com\/product\/yoast-seo-wordpress\/ -->\n<title>Conditions g\u00e9n\u00e9rales d&#039;utilisation - host.groupstravel.com<\/title>\n<meta name=\"robots\" content=\"index, follow, max-snippet:-1, max-image-preview:large, max-video-preview:-1\" \/>\n<link rel=\"canonical\" href=\"https:\/\/host.groupstravel.com\/fr\/terms-and-conditions\/\" \/>\n<meta property=\"og:locale\" content=\"fr_FR\" \/>\n<meta property=\"og:type\" content=\"article\" \/>\n<meta property=\"og:title\" content=\"Conditions g\u00e9n\u00e9rales d&#039;utilisation - host.groupstravel.com\" \/>\n<meta property=\"og:description\" content=\"Les pr\u00e9sentes Conditions G\u00e9n\u00e9rales d&rsquo;Utilisation (ci-apr\u00e8s d\u00e9nomm\u00e9es \u00ab CGU \u00bb) r\u00e9gissent l&rsquo;utilisation de la plateforme www.host.groupstravel.com (ci-apr\u00e8s d\u00e9nomm\u00e9e \u00ab Plateforme \u00bb), exploit\u00e9e par Groups AG (ci-apr\u00e8s d\u00e9nomm\u00e9e \u00ab Fournisseur \u00bb). En utilisant la Plateforme, vous acceptez ces CGU. La Plateforme a pour but de fournir des informations pour la m\u00e9diation de maisons de vacances et [&hellip;]\" \/>\n<meta property=\"og:url\" content=\"https:\/\/host.groupstravel.com\/fr\/terms-and-conditions\/\" \/>\n<meta property=\"og:site_name\" content=\"host.groupstravel.com\" \/>\n<meta property=\"article:modified_time\" content=\"2024-11-14T12:14:19+00:00\" \/>\n<meta property=\"og:image\" content=\"https:\/\/host.groupstravel.com\/wp-content\/uploads\/2024\/11\/groups-cover.jpg\" \/>\n\t<meta property=\"og:image:width\" content=\"1200\" \/>\n\t<meta property=\"og:image:height\" content=\"675\" \/>\n\t<meta property=\"og:image:type\" content=\"image\/jpeg\" \/>\n<meta name=\"twitter:card\" content=\"summary_large_image\" \/>\n<meta name=\"twitter:label1\" content=\"Dur\u00e9e de lecture estim\u00e9e\" \/>\n\t<meta name=\"twitter:data1\" content=\"3 minutes\" \/>\n<script type=\"application\/ld+json\" class=\"yoast-schema-graph\">{\"@context\":\"https:\\\/\\\/schema.org\",\"@graph\":[{\"@type\":\"WebPage\",\"@id\":\"https:\\\/\\\/host.groupstravel.com\\\/fr\\\/terms-and-conditions\\\/\",\"url\":\"https:\\\/\\\/host.groupstravel.com\\\/fr\\\/terms-and-conditions\\\/\",\"name\":\"Conditions g\u00e9n\u00e9rales d'utilisation - host.groupstravel.com\",\"isPartOf\":{\"@id\":\"https:\\\/\\\/host.groupstravel.com\\\/fr\\\/#website\"},\"datePublished\":\"2024-09-04T10:39:20+00:00\",\"dateModified\":\"2024-11-14T12:14:19+00:00\",\"breadcrumb\":{\"@id\":\"https:\\\/\\\/host.groupstravel.com\\\/fr\\\/terms-and-conditions\\\/#breadcrumb\"},\"inLanguage\":\"fr-FR\",\"potentialAction\":[{\"@type\":\"ReadAction\",\"target\":[\"https:\\\/\\\/host.groupstravel.com\\\/fr\\\/terms-and-conditions\\\/\"]}]},{\"@type\":\"BreadcrumbList\",\"@id\":\"https:\\\/\\\/host.groupstravel.com\\\/fr\\\/terms-and-conditions\\\/#breadcrumb\",\"itemListElement\":[{\"@type\":\"ListItem\",\"position\":1,\"name\":\"Home\",\"item\":\"https:\\\/\\\/host.groupstravel.com\\\/fr\\\/\"},{\"@type\":\"ListItem\",\"position\":2,\"name\":\"Conditions g\u00e9n\u00e9rales d&#8217;utilisation\"}]},{\"@type\":\"WebSite\",\"@id\":\"https:\\\/\\\/host.groupstravel.com\\\/fr\\\/#website\",\"url\":\"https:\\\/\\\/host.groupstravel.com\\\/fr\\\/\",\"name\":\"Groups Swiss\",\"description\":\"Gastgeber werden f\u00fcr Deine Ferienunterkunft\",\"publisher\":{\"@id\":\"https:\\\/\\\/host.groupstravel.com\\\/fr\\\/#organization\"},\"potentialAction\":[{\"@type\":\"SearchAction\",\"target\":{\"@type\":\"EntryPoint\",\"urlTemplate\":\"https:\\\/\\\/host.groupstravel.com\\\/fr\\\/?s={search_term_string}\"},\"query-input\":{\"@type\":\"PropertyValueSpecification\",\"valueRequired\":true,\"valueName\":\"search_term_string\"}}],\"inLanguage\":\"fr-FR\"},{\"@type\":\"Organization\",\"@id\":\"https:\\\/\\\/host.groupstravel.com\\\/fr\\\/#organization\",\"name\":\"Groups Swiss\",\"url\":\"https:\\\/\\\/host.groupstravel.com\\\/fr\\\/\",\"logo\":{\"@type\":\"ImageObject\",\"inLanguage\":\"fr-FR\",\"@id\":\"https:\\\/\\\/host.groupstravel.com\\\/fr\\\/#\\\/schema\\\/logo\\\/image\\\/\",\"url\":\"https:\\\/\\\/host.groupstravel.com\\\/wp-content\\\/uploads\\\/2024\\\/11\\\/logo-groups.png\",\"contentUrl\":\"https:\\\/\\\/host.groupstravel.com\\\/wp-content\\\/uploads\\\/2024\\\/11\\\/logo-groups.png\",\"width\":696,\"height\":696,\"caption\":\"Groups Swiss\"},\"image\":{\"@id\":\"https:\\\/\\\/host.groupstravel.com\\\/fr\\\/#\\\/schema\\\/logo\\\/image\\\/\"}}]}<\/script>\n<!-- \/ Yoast SEO plugin. -->","yoast_head_json":{"title":"Conditions g\u00e9n\u00e9rales d'utilisation - host.groupstravel.com","robots":{"index":"index","follow":"follow","max-snippet":"max-snippet:-1","max-image-preview":"max-image-preview:large","max-video-preview":"max-video-preview:-1"},"canonical":"https:\/\/host.groupstravel.com\/fr\/terms-and-conditions\/","og_locale":"fr_FR","og_type":"article","og_title":"Conditions g\u00e9n\u00e9rales d'utilisation - host.groupstravel.com","og_description":"Les pr\u00e9sentes Conditions G\u00e9n\u00e9rales d&rsquo;Utilisation (ci-apr\u00e8s d\u00e9nomm\u00e9es \u00ab CGU \u00bb) r\u00e9gissent l&rsquo;utilisation de la plateforme www.host.groupstravel.com (ci-apr\u00e8s d\u00e9nomm\u00e9e \u00ab Plateforme \u00bb), exploit\u00e9e par Groups AG (ci-apr\u00e8s d\u00e9nomm\u00e9e \u00ab Fournisseur \u00bb). En utilisant la Plateforme, vous acceptez ces CGU. La Plateforme a pour but de fournir des informations pour la m\u00e9diation de maisons de vacances et [&hellip;]","og_url":"https:\/\/host.groupstravel.com\/fr\/terms-and-conditions\/","og_site_name":"host.groupstravel.com","article_modified_time":"2024-11-14T12:14:19+00:00","og_image":[{"width":1200,"height":675,"url":"https:\/\/host.groupstravel.com\/wp-content\/uploads\/2024\/11\/groups-cover.jpg","type":"image\/jpeg"}],"twitter_card":"summary_large_image","twitter_misc":{"Dur\u00e9e de lecture estim\u00e9e":"3 minutes"},"schema":{"@context":"https:\/\/schema.org","@graph":[{"@type":"WebPage","@id":"https:\/\/host.groupstravel.com\/fr\/terms-and-conditions\/","url":"https:\/\/host.groupstravel.com\/fr\/terms-and-conditions\/","name":"Conditions g\u00e9n\u00e9rales d'utilisation - host.groupstravel.com","isPartOf":{"@id":"https:\/\/host.groupstravel.com\/fr\/#website"},"datePublished":"2024-09-04T10:39:20+00:00","dateModified":"2024-11-14T12:14:19+00:00","breadcrumb":{"@id":"https:\/\/host.groupstravel.com\/fr\/terms-and-conditions\/#breadcrumb"},"inLanguage":"fr-FR","potentialAction":[{"@type":"ReadAction","target":["https:\/\/host.groupstravel.com\/fr\/terms-and-conditions\/"]}]},{"@type":"BreadcrumbList","@id":"https:\/\/host.groupstravel.com\/fr\/terms-and-conditions\/#breadcrumb","itemListElement":[{"@type":"ListItem","position":1,"name":"Home","item":"https:\/\/host.groupstravel.com\/fr\/"},{"@type":"ListItem","position":2,"name":"Conditions g\u00e9n\u00e9rales d&#8217;utilisation"}]},{"@type":"WebSite","@id":"https:\/\/host.groupstravel.com\/fr\/#website","url":"https:\/\/host.groupstravel.com\/fr\/","name":"Groups Swiss","description":"Gastgeber werden f\u00fcr Deine Ferienunterkunft","publisher":{"@id":"https:\/\/host.groupstravel.com\/fr\/#organization"},"potentialAction":[{"@type":"SearchAction","target":{"@type":"EntryPoint","urlTemplate":"https:\/\/host.groupstravel.com\/fr\/?s={search_term_string}"},"query-input":{"@type":"PropertyValueSpecification","valueRequired":true,"valueName":"search_term_string"}}],"inLanguage":"fr-FR"},{"@type":"Organization","@id":"https:\/\/host.groupstravel.com\/fr\/#organization","name":"Groups Swiss","url":"https:\/\/host.groupstravel.com\/fr\/","logo":{"@type":"ImageObject","inLanguage":"fr-FR","@id":"https:\/\/host.groupstravel.com\/fr\/#\/schema\/logo\/image\/","url":"https:\/\/host.groupstravel.com\/wp-content\/uploads\/2024\/11\/logo-groups.png","contentUrl":"https:\/\/host.groupstravel.com\/wp-content\/uploads\/2024\/11\/logo-groups.png","width":696,"height":696,"caption":"Groups Swiss"},"image":{"@id":"https:\/\/host.groupstravel.com\/fr\/#\/schema\/logo\/image\/"}}]}},"_links":{"self":[{"href":"https:\/\/host.groupstravel.com\/fr\/wp-json\/wp\/v2\/pages\/1205","targetHints":{"allow":["GET"]}}],"collection":[{"href":"https:\/\/host.groupstravel.com\/fr\/wp-json\/wp\/v2\/pages"}],"about":[{"href":"https:\/\/host.groupstravel.com\/fr\/wp-json\/wp\/v2\/types\/page"}],"author":[{"embeddable":true,"href":"https:\/\/host.groupstravel.com\/fr\/wp-json\/wp\/v2\/users\/2"}],"replies":[{"embeddable":true,"href":"https:\/\/host.groupstravel.com\/fr\/wp-json\/wp\/v2\/comments?post=1205"}],"version-history":[{"count":5,"href":"https:\/\/host.groupstravel.com\/fr\/wp-json\/wp\/v2\/pages\/1205\/revisions"}],"predecessor-version":[{"id":3403,"href":"https:\/\/host.groupstravel.com\/fr\/wp-json\/wp\/v2\/pages\/1205\/revisions\/3403"}],"wp:attachment":[{"href":"https:\/\/host.groupstravel.com\/fr\/wp-json\/wp\/v2\/media?parent=1205"}],"curies":[{"name":"wp","href":"https:\/\/api.w.org\/{rel}","templated":true}]}}