{"id":3210,"date":"2024-11-09T15:36:28","date_gmt":"2024-11-09T15:36:28","guid":{"rendered":"https:\/\/host.groupstravel.com\/?page_id=3210"},"modified":"2025-08-20T12:21:48","modified_gmt":"2025-08-20T12:21:48","slug":"a-propos-de-nous","status":"publish","type":"page","link":"https:\/\/host.groupstravel.com\/fr\/a-propos-de-nous\/","title":{"rendered":"\u00c0 propos de nous"},"content":{"rendered":"\n      <div id=\"block_6653a83d3e57715d80fb7e05142358d3\" class=\"block-hero alignfull relative l-block\" >\n  \n  \n<div class=\"relative\">\n  <img decoding=\"async\" width=\"1920\" height=\"1440\" src=\"https:\/\/host.groupstravel.com\/wp-content\/uploads\/2024\/10\/IMG_2171-2-1920x1440.jpg\" class=\"absolute inset-0 object-cover w-full h-full z-10 m-0 skip-lazy\" alt=\"\" srcset=\"https:\/\/host.groupstravel.com\/wp-content\/uploads\/2024\/10\/IMG_2171-2-1920x1440.jpg 1920w, https:\/\/host.groupstravel.com\/wp-content\/uploads\/2024\/10\/IMG_2171-2-300x225.jpg 300w, https:\/\/host.groupstravel.com\/wp-content\/uploads\/2024\/10\/IMG_2171-2-1024x768.jpg 1024w, https:\/\/host.groupstravel.com\/wp-content\/uploads\/2024\/10\/IMG_2171-2-768x576.jpg 768w, https:\/\/host.groupstravel.com\/wp-content\/uploads\/2024\/10\/IMG_2171-2-1536x1152.jpg 1536w, https:\/\/host.groupstravel.com\/wp-content\/uploads\/2024\/10\/IMG_2171-2-2048x1536.jpg 2048w, https:\/\/host.groupstravel.com\/wp-content\/uploads\/2024\/10\/IMG_2171-2-380x285.jpg 380w, https:\/\/host.groupstravel.com\/wp-content\/uploads\/2024\/10\/IMG_2171-2-412x309.jpg 412w, https:\/\/host.groupstravel.com\/wp-content\/uploads\/2024\/10\/IMG_2171-2-1200x900.jpg 1200w, https:\/\/host.groupstravel.com\/wp-content\/uploads\/2024\/10\/IMG_2171-2-1350x1013.jpg 1350w\" sizes=\"(max-width: 1920px) 100vw, 1920px\" \/>  <div class=\"hero-style-default pt-[392px] sm:pt-[33px] sm:pb-[33px] sm:min-h-[600px] lg:min-h-[726px] flex items-end relative\">\n          <div class=\"absolute left-0 top-0 hidden sm:block z-20 w-full\">\n        <div class=\"l-wrap pt-5\">\n          <div class=\"breadcrumbs\"><span><span><a href=\"https:\/\/host.groupstravel.com\/fr\/\">Home<\/a><\/span><\/span><\/div>        <\/div>\n      <\/div>\n    \n    <div class=\"l-wrap relative z-20 h-full w-full\">\n      <div class=\"h-full\">\n        <div class=\"h-full flex flex-col justify-end\">\n                    <div>\n            <div class=\"bg-black\/60 px-6 sm:px-10 pt-8 sm:pt-8 pb-6 sm:pb-8 max-w-[585px] rounded-default rounded-es-none mb-4\" data-aos=\"fade-down\" data-aos-duration=\"800\" data-aos-delay=\"0\">\n                            <h1 class=\"title title--sans-display text-white [&#038;_strong]:text-brand mb-[1.3rem] md:leading-1 mt-2 \"><strong>L&rsquo;\u00c9quipe<\/strong> derri\u00e8re groupstravel.com\n<\/h1>              \n                                        <\/div>\n          <\/div>\n                  <\/div>\n      <\/div>\n    <\/div>\n  <\/div>\n<\/div>\n\n\n<\/div>\n\n\n      <div id=\"block_fdc48470bb02a0a5f1592566e0ddc6f5\" class=\"block-grid-with-icons bg-gradient-light alignfull rounded-br-[80px] sm:rounded-br-[120px] overflow-hidden pt-18 lg:pt-30  l-block\" >\n  \n  \n  <div class=\"l-wrap relative pb-14 sm:pb-18 lg:pb-30\">\n    <div class=\"max-w-[1102px] w-full relative z-20\">\n            <div class=\"max-w-[685px] mb-14 sm:mb-22\">\n                <h2 class=\"title title--xxlarge !mb-4 sm:!mb-6\" data-aos=\"fade-up\" data-aos-duration=\"800\" data-aos-delay=\"0\">\n          Bienvenue chez Groups \u2013 Vos Experts en H\u00e9bergements de Vacances et de Groupes        <\/h2>\n        \n                <div class=\"text-size-large-on-all-screens\" data-aos=\"fade-up\" data-aos-duration=\"800\" data-aos-delay=\"200\">\n          <p>En tant qu&rsquo;entreprise familiale avec plus de 40 ans de tradition, Groups AG s&rsquo;est sp\u00e9cialis\u00e9e dans la m\u00e9diation des groupes de clients.<\/p>\n<p>Notre \u00e9quipe motiv\u00e9e et engag\u00e9e depuis de nombreuses ann\u00e9es dans les domaines du conseil client, du marketing et de l&rsquo;informatique est \u00e0 votre disposition pour votre succ\u00e8s. Groups transmet chaque ann\u00e9e plus de 17 000 demandes de groupes \u00e0 plus de 800 maisons de groupes \u2013 et ce depuis 1978.<\/p>\n<p>&nbsp;<\/p>\n<p>Nous avons h\u00e2te de cr\u00e9er avec vous des aventures de groupe inoubliables !<\/p>\n        <\/div>\n              <\/div>\n      \n              <div class=\"grid grid-cols-1 xs:grid-cols-2 sm:grid-cols-3 gap-x-18 md:gap-x-33 gap-y-10 sm:gap-y-18\">\n                      <div class=\"\" data-aos=\"fade-up\" data-aos-duration=\"800\" data-aos-delay=\"0\">\n              <div class=\"flex xs:block gap-6 mb-4 lg:mb-0\">\n                \n \n                                <div class=\"flex items-center\">\n                  <h2 class=\"title title--sans-large !mt-0 !mb-0 sm:!mb-4\">\n                    Kate                  <\/h2>\n                <\/div>\n                              <\/div>\n                            <div class=\"xs:max-w-[276px]\">\n                <p><img decoding=\"async\" class=\"alignnone size-medium wp-image-3223\" src=\"https:\/\/host.groupstravel.com\/wp-content\/uploads\/2024\/11\/DSC_2571-201x300.jpg\" alt=\"\" width=\"201\" height=\"300\" srcset=\"https:\/\/host.groupstravel.com\/wp-content\/uploads\/2024\/11\/DSC_2571-201x300.jpg 201w, https:\/\/host.groupstravel.com\/wp-content\/uploads\/2024\/11\/DSC_2571-687x1024.jpg 687w, https:\/\/host.groupstravel.com\/wp-content\/uploads\/2024\/11\/DSC_2571-768x1144.jpg 768w, https:\/\/host.groupstravel.com\/wp-content\/uploads\/2024\/11\/DSC_2571-1031x1536.jpg 1031w, https:\/\/host.groupstravel.com\/wp-content\/uploads\/2024\/11\/DSC_2571-1375x2048.jpg 1375w, https:\/\/host.groupstravel.com\/wp-content\/uploads\/2024\/11\/DSC_2571-380x566.jpg 380w, https:\/\/host.groupstravel.com\/wp-content\/uploads\/2024\/11\/DSC_2571-412x614.jpg 412w, https:\/\/host.groupstravel.com\/wp-content\/uploads\/2024\/11\/DSC_2571-1200x1788.jpg 1200w, https:\/\/host.groupstravel.com\/wp-content\/uploads\/2024\/11\/DSC_2571-1350x2011.jpg 1350w, https:\/\/host.groupstravel.com\/wp-content\/uploads\/2024\/11\/DSC_2571-1920x2860.jpg 1920w, https:\/\/host.groupstravel.com\/wp-content\/uploads\/2024\/11\/DSC_2571-rotated.jpg 1944w\" sizes=\"(max-width: 201px) 100vw, 201px\" \/><\/p>\n<p>&nbsp;<\/p>\n<p>Propri\u00e9taire engag\u00e9e et d\u00e9termin\u00e9e<\/p>\n<p>Ses hobbies sont les voyages, le ski et la cuisine.<\/p>\n<p>&nbsp;<\/p>\n              <\/div>\n                          <\/div>\n                      <div class=\"\" data-aos=\"fade-up\" data-aos-duration=\"800\" data-aos-delay=\"0\">\n              <div class=\"flex xs:block gap-6 mb-4 lg:mb-0\">\n                \n \n                                <div class=\"flex items-center\">\n                  <h2 class=\"title title--sans-large !mt-0 !mb-0 sm:!mb-4\">\n                    Patrick                  <\/h2>\n                <\/div>\n                              <\/div>\n                            <div class=\"xs:max-w-[276px]\">\n                <p><img decoding=\"async\" class=\"alignnone size-medium wp-image-3227\" src=\"https:\/\/host.groupstravel.com\/wp-content\/uploads\/2024\/11\/IMG_1906-Kopie-225x300.jpg\" alt=\"\" width=\"225\" height=\"300\" srcset=\"https:\/\/host.groupstravel.com\/wp-content\/uploads\/2024\/11\/IMG_1906-Kopie-225x300.jpg 225w, https:\/\/host.groupstravel.com\/wp-content\/uploads\/2024\/11\/IMG_1906-Kopie-768x1024.jpg 768w, https:\/\/host.groupstravel.com\/wp-content\/uploads\/2024\/11\/IMG_1906-Kopie-1152x1536.jpg 1152w, https:\/\/host.groupstravel.com\/wp-content\/uploads\/2024\/11\/IMG_1906-Kopie-1536x2048.jpg 1536w, https:\/\/host.groupstravel.com\/wp-content\/uploads\/2024\/11\/IMG_1906-Kopie-380x507.jpg 380w, https:\/\/host.groupstravel.com\/wp-content\/uploads\/2024\/11\/IMG_1906-Kopie-412x549.jpg 412w, https:\/\/host.groupstravel.com\/wp-content\/uploads\/2024\/11\/IMG_1906-Kopie-1200x1600.jpg 1200w, https:\/\/host.groupstravel.com\/wp-content\/uploads\/2024\/11\/IMG_1906-Kopie-1350x1800.jpg 1350w, https:\/\/host.groupstravel.com\/wp-content\/uploads\/2024\/11\/IMG_1906-Kopie-rotated.jpg 1875w\" sizes=\"(max-width: 225px) 100vw, 225px\" \/><\/p>\n<p>&nbsp;<\/p>\n<p>Responsable de la strat\u00e9gie et des projets, propri\u00e9taire et visionnaire<\/p>\n<p>Ses hobbies : voyages, randonn\u00e9e, p\u00e8re de famille.<\/p>\n<p>&nbsp;<\/p>\n              <\/div>\n                          <\/div>\n                  <\/div>\n          <\/div>\n\n          <div class=\"flex items-end absolute bottom-0 right-15 z-10 w-[193px] sm:w-auto\">\n        <svg class=\"h-auto\" xmlns=\"http:\/\/www.w3.org\/2000\/svg\" width=\"192\" height=\"192\" viewBox=\"0 0 192 192\" fill=\"none\">\n          <path d=\"M30.1263 174.928C30.2688 175.071 30.4122 175.213 30.5563 175.355C43.3321 187.961 61.7364 192 79.6845 192H192V68.7581C192 57.9679 189.35 47.1649 182.601 38.7454C180.159 35.6976 177.573 32.7809 174.927 30.1349C134.819 -9.97093 69.9254 -10.0018 29.7864 29.7849C-10.0024 69.9319 -9.9715 134.822 30.1365 174.918H30.1263V174.928Z\" fill=\"#D4EBCC\" \/>\n        <\/svg>\n        <svg class=\"h-auto\" xmlns=\"http:\/\/www.w3.org\/2000\/svg\" width=\"80\" height=\"80\" viewBox=\"0 0 80 80\" fill=\"none\">\n          <path d=\"M7.11334 12.5526C1.70845 17.9578 -2.36868e-06 25.8108 -2.03456e-06 33.4547L0 80L46.5426 80C54.1856 80 62.0395 78.2909 67.4438 72.8863C84.1546 56.1746 84.1674 29.1356 67.5897 12.411C50.8617 -4.16767 23.8241 -4.15479 7.11763 12.5569L7.11763 12.5526L7.11334 12.5526Z\" fill=\"#57AE00\" \/>\n        <\/svg>\n      <\/div>\n      <\/div>\n\n<\/div>","protected":false},"excerpt":{"rendered":"","protected":false},"author":3,"featured_media":0,"parent":0,"menu_order":0,"comment_status":"closed","ping_status":"closed","template":"","meta":{"_acf_changed":false,"footnotes":""},"class_list":["post-3210","page","type-page","status-publish",""],"acf":[],"yoast_head":"<!-- This site is optimized with the Yoast SEO plugin v27.5 - https:\/\/yoast.com\/product\/yoast-seo-wordpress\/ -->\n<title>\u00c0 propos de nous - host.groupstravel.com<\/title>\n<meta name=\"robots\" content=\"index, follow, max-snippet:-1, max-image-preview:large, max-video-preview:-1\" \/>\n<link rel=\"canonical\" href=\"https:\/\/host.groupstravel.com\/fr\/a-propos-de-nous\/\" \/>\n<meta property=\"og:locale\" content=\"fr_FR\" \/>\n<meta property=\"og:type\" content=\"article\" \/>\n<meta property=\"og:title\" content=\"\u00c0 propos de nous - host.groupstravel.com\" \/>\n<meta property=\"og:url\" content=\"https:\/\/host.groupstravel.com\/fr\/a-propos-de-nous\/\" \/>\n<meta property=\"og:site_name\" content=\"host.groupstravel.com\" \/>\n<meta property=\"article:modified_time\" content=\"2025-08-20T12:21:48+00:00\" \/>\n<meta property=\"og:image\" content=\"https:\/\/host.groupstravel.com\/wp-content\/uploads\/2024\/11\/groups-cover.jpg\" \/>\n\t<meta property=\"og:image:width\" content=\"1200\" \/>\n\t<meta property=\"og:image:height\" content=\"675\" \/>\n\t<meta property=\"og:image:type\" content=\"image\/jpeg\" \/>\n<meta name=\"twitter:card\" content=\"summary_large_image\" \/>\n<script type=\"application\/ld+json\" class=\"yoast-schema-graph\">{\"@context\":\"https:\\\/\\\/schema.org\",\"@graph\":[{\"@type\":\"WebPage\",\"@id\":\"https:\\\/\\\/host.groupstravel.com\\\/fr\\\/a-propos-de-nous\\\/\",\"url\":\"https:\\\/\\\/host.groupstravel.com\\\/fr\\\/a-propos-de-nous\\\/\",\"name\":\"\u00c0 propos de nous - host.groupstravel.com\",\"isPartOf\":{\"@id\":\"https:\\\/\\\/host.groupstravel.com\\\/fr\\\/#website\"},\"datePublished\":\"2024-11-09T15:36:28+00:00\",\"dateModified\":\"2025-08-20T12:21:48+00:00\",\"breadcrumb\":{\"@id\":\"https:\\\/\\\/host.groupstravel.com\\\/fr\\\/a-propos-de-nous\\\/#breadcrumb\"},\"inLanguage\":\"fr-FR\",\"potentialAction\":[{\"@type\":\"ReadAction\",\"target\":[\"https:\\\/\\\/host.groupstravel.com\\\/fr\\\/a-propos-de-nous\\\/\"]}]},{\"@type\":\"BreadcrumbList\",\"@id\":\"https:\\\/\\\/host.groupstravel.com\\\/fr\\\/a-propos-de-nous\\\/#breadcrumb\",\"itemListElement\":[{\"@type\":\"ListItem\",\"position\":1,\"name\":\"Home\",\"item\":\"https:\\\/\\\/host.groupstravel.com\\\/fr\\\/\"},{\"@type\":\"ListItem\",\"position\":2,\"name\":\"\u00c0 propos de nous\"}]},{\"@type\":\"WebSite\",\"@id\":\"https:\\\/\\\/host.groupstravel.com\\\/fr\\\/#website\",\"url\":\"https:\\\/\\\/host.groupstravel.com\\\/fr\\\/\",\"name\":\"Groups Swiss\",\"description\":\"Gastgeber werden f\u00fcr Deine Ferienunterkunft\",\"publisher\":{\"@id\":\"https:\\\/\\\/host.groupstravel.com\\\/fr\\\/#organization\"},\"potentialAction\":[{\"@type\":\"SearchAction\",\"target\":{\"@type\":\"EntryPoint\",\"urlTemplate\":\"https:\\\/\\\/host.groupstravel.com\\\/fr\\\/?s={search_term_string}\"},\"query-input\":{\"@type\":\"PropertyValueSpecification\",\"valueRequired\":true,\"valueName\":\"search_term_string\"}}],\"inLanguage\":\"fr-FR\"},{\"@type\":\"Organization\",\"@id\":\"https:\\\/\\\/host.groupstravel.com\\\/fr\\\/#organization\",\"name\":\"Groups Swiss\",\"url\":\"https:\\\/\\\/host.groupstravel.com\\\/fr\\\/\",\"logo\":{\"@type\":\"ImageObject\",\"inLanguage\":\"fr-FR\",\"@id\":\"https:\\\/\\\/host.groupstravel.com\\\/fr\\\/#\\\/schema\\\/logo\\\/image\\\/\",\"url\":\"https:\\\/\\\/host.groupstravel.com\\\/wp-content\\\/uploads\\\/2024\\\/11\\\/logo-groups.png\",\"contentUrl\":\"https:\\\/\\\/host.groupstravel.com\\\/wp-content\\\/uploads\\\/2024\\\/11\\\/logo-groups.png\",\"width\":696,\"height\":696,\"caption\":\"Groups Swiss\"},\"image\":{\"@id\":\"https:\\\/\\\/host.groupstravel.com\\\/fr\\\/#\\\/schema\\\/logo\\\/image\\\/\"}}]}<\/script>\n<!-- \/ Yoast SEO plugin. -->","yoast_head_json":{"title":"\u00c0 propos de nous - host.groupstravel.com","robots":{"index":"index","follow":"follow","max-snippet":"max-snippet:-1","max-image-preview":"max-image-preview:large","max-video-preview":"max-video-preview:-1"},"canonical":"https:\/\/host.groupstravel.com\/fr\/a-propos-de-nous\/","og_locale":"fr_FR","og_type":"article","og_title":"\u00c0 propos de nous - host.groupstravel.com","og_url":"https:\/\/host.groupstravel.com\/fr\/a-propos-de-nous\/","og_site_name":"host.groupstravel.com","article_modified_time":"2025-08-20T12:21:48+00:00","og_image":[{"width":1200,"height":675,"url":"https:\/\/host.groupstravel.com\/wp-content\/uploads\/2024\/11\/groups-cover.jpg","type":"image\/jpeg"}],"twitter_card":"summary_large_image","schema":{"@context":"https:\/\/schema.org","@graph":[{"@type":"WebPage","@id":"https:\/\/host.groupstravel.com\/fr\/a-propos-de-nous\/","url":"https:\/\/host.groupstravel.com\/fr\/a-propos-de-nous\/","name":"\u00c0 propos de nous - host.groupstravel.com","isPartOf":{"@id":"https:\/\/host.groupstravel.com\/fr\/#website"},"datePublished":"2024-11-09T15:36:28+00:00","dateModified":"2025-08-20T12:21:48+00:00","breadcrumb":{"@id":"https:\/\/host.groupstravel.com\/fr\/a-propos-de-nous\/#breadcrumb"},"inLanguage":"fr-FR","potentialAction":[{"@type":"ReadAction","target":["https:\/\/host.groupstravel.com\/fr\/a-propos-de-nous\/"]}]},{"@type":"BreadcrumbList","@id":"https:\/\/host.groupstravel.com\/fr\/a-propos-de-nous\/#breadcrumb","itemListElement":[{"@type":"ListItem","position":1,"name":"Home","item":"https:\/\/host.groupstravel.com\/fr\/"},{"@type":"ListItem","position":2,"name":"\u00c0 propos de nous"}]},{"@type":"WebSite","@id":"https:\/\/host.groupstravel.com\/fr\/#website","url":"https:\/\/host.groupstravel.com\/fr\/","name":"Groups Swiss","description":"Gastgeber werden f\u00fcr Deine Ferienunterkunft","publisher":{"@id":"https:\/\/host.groupstravel.com\/fr\/#organization"},"potentialAction":[{"@type":"SearchAction","target":{"@type":"EntryPoint","urlTemplate":"https:\/\/host.groupstravel.com\/fr\/?s={search_term_string}"},"query-input":{"@type":"PropertyValueSpecification","valueRequired":true,"valueName":"search_term_string"}}],"inLanguage":"fr-FR"},{"@type":"Organization","@id":"https:\/\/host.groupstravel.com\/fr\/#organization","name":"Groups Swiss","url":"https:\/\/host.groupstravel.com\/fr\/","logo":{"@type":"ImageObject","inLanguage":"fr-FR","@id":"https:\/\/host.groupstravel.com\/fr\/#\/schema\/logo\/image\/","url":"https:\/\/host.groupstravel.com\/wp-content\/uploads\/2024\/11\/logo-groups.png","contentUrl":"https:\/\/host.groupstravel.com\/wp-content\/uploads\/2024\/11\/logo-groups.png","width":696,"height":696,"caption":"Groups Swiss"},"image":{"@id":"https:\/\/host.groupstravel.com\/fr\/#\/schema\/logo\/image\/"}}]}},"_links":{"self":[{"href":"https:\/\/host.groupstravel.com\/fr\/wp-json\/wp\/v2\/pages\/3210","targetHints":{"allow":["GET"]}}],"collection":[{"href":"https:\/\/host.groupstravel.com\/fr\/wp-json\/wp\/v2\/pages"}],"about":[{"href":"https:\/\/host.groupstravel.com\/fr\/wp-json\/wp\/v2\/types\/page"}],"author":[{"embeddable":true,"href":"https:\/\/host.groupstravel.com\/fr\/wp-json\/wp\/v2\/users\/3"}],"replies":[{"embeddable":true,"href":"https:\/\/host.groupstravel.com\/fr\/wp-json\/wp\/v2\/comments?post=3210"}],"version-history":[{"count":7,"href":"https:\/\/host.groupstravel.com\/fr\/wp-json\/wp\/v2\/pages\/3210\/revisions"}],"predecessor-version":[{"id":4095,"href":"https:\/\/host.groupstravel.com\/fr\/wp-json\/wp\/v2\/pages\/3210\/revisions\/4095"}],"wp:attachment":[{"href":"https:\/\/host.groupstravel.com\/fr\/wp-json\/wp\/v2\/media?parent=3210"}],"curies":[{"name":"wp","href":"https:\/\/api.w.org\/{rel}","templated":true}]}}