{"id":1147,"date":"2024-09-04T10:39:11","date_gmt":"2024-09-04T10:39:11","guid":{"rendered":"https:\/\/host.groupstravel.com\/cookie-policy\/"},"modified":"2024-11-06T11:00:58","modified_gmt":"2024-11-06T11:00:58","slug":"cookie-policy","status":"publish","type":"page","link":"https:\/\/host.groupstravel.com\/it\/cookie-policy\/","title":{"rendered":"Politica sui Cookie"},"content":{"rendered":"\n      <div id=\"block_0162810260dad6382195fc2ae21432ec\" class=\"block-hero alignfull relative l-block\" >\n  \n  \n<div class=\"relative\">\n  <img decoding=\"async\" width=\"1920\" height=\"1440\" src=\"https:\/\/host.groupstravel.com\/wp-content\/uploads\/2024\/10\/IMG_1683.jpg\" class=\"absolute inset-0 object-cover w-full h-full z-10 m-0 skip-lazy\" alt=\"\" \/>  <div class=\"hero-style-default pt-[392px] sm:pt-[33px] sm:pb-[33px] sm:min-h-[600px] lg:min-h-[726px] flex items-end relative\">\n    \n    <div class=\"l-wrap relative z-20 h-full w-full\">\n      <div class=\"h-full\">\n        <div class=\"h-full flex flex-col justify-end\">\n                    <div>\n            <div class=\"bg-black\/60 px-6 sm:px-10 pt-8 sm:pt-8 pb-6 sm:pb-8 max-w-[585px] rounded-default rounded-es-none mb-4\" data-aos=\"fade-down\" data-aos-duration=\"800\" data-aos-delay=\"0\">\n                            <h1 class=\"title title--sans-display text-white [&#038;_strong]:text-brand mb-[1.3rem] md:leading-1 mt-2 \"><strong>Politica<\/strong> sui Cookie\n&nbsp;\n<\/h1>              \n                                        <\/div>\n          <\/div>\n                  <\/div>\n      <\/div>\n    <\/div>\n  <\/div>\n<\/div>\n\n\n<\/div>\n\n\n<div style=\"height:100px\" aria-hidden=\"true\" class=\"wp-block-spacer\"><\/div>\n\n\n\n      <h2 id=\"block_d4af5e4571dd6e27e0457454c0198c21\" class=\"title title--xxlarge text-header typo-off text-left l-block\" >\n  \n  \n\nCookie\n\n<\/h2>\n\n\n<p>Sul nostro sito web, noi, Groups AG, utilizziamo cookie necessari, incluso un cosiddetto cookie di selezione che memorizza lo stato delle tue impostazioni sui cookie. Inoltre, utilizziamo cookie funzionali, il cui utilizzo e archiviazione puoi rifiutare in qualsiasi momento con effetto per il futuro.Solo se acconsenti, utilizzeremo cookie di analisi e marketing (inclusa tecnologia di tracciamento simile), in particolare per valutare e ottimizzare l&#8217;uso del nostro sito web, rendere i contenuti e le pubblicit\u00e0 pi\u00f9 interessanti e raggiungerti anche su altri canali con pubblicit\u00e0 personalizzata in base ai tuoi interessi.A tal fine, utilizziamo servizi di terze parti come Google e Facebook, che elaborano i tuoi dati anche al di fuori dell&#8217;Unione Europea (in particolare negli Stati Uniti) e per scopi propri. Tali terze parti possono unire i profili di utilizzo ottenuti dai tuoi dati attraverso dispositivi diversi e associarli a un gruppo target per mostrare pubblicit\u00e0 mirate. Il trasferimento di dati negli Stati Uniti comporta in linea di massima il rischio che tali dati possano essere accessibili dalle autorit\u00e0 statunitensi senza che ci\u00f2 venga comunicato e senza che vi siano rimedi legali. Negli impostazioni dei cookie di questo sito web puoi decidere quali categorie di cookie desideri accettare. Hai anche la possibilit\u00e0 di modificare le tue scelte in qualsiasi momento e di revocare il tuo consenso con effetto per il futuro. Ulteriori informazioni si trovano sotto &#8220;Impostazioni cookie&#8221; e nella nostra informativa sulla privacy.<\/p>\n\n\n\n      <h2 id=\"block_8a321d53d46a2b8031a1a25e9817597a\" class=\"title title--xlarge text-header typo-off text-left l-block\" >\n  \n  \n\nCookie necessari<br \/>\r\n\n\n<\/h2>\n\n\n<p>Sul nostro sito web vengono utilizzati cookie necessari e tecnologie simili ai cookie (di seguito collettivamente denominati &#8220;cookie&#8221;). Questi sono tecnicamente necessari per il funzionamento del nostro sito web, poich\u00e9 consentono, ad esempio, funzioni di base come la navigazione tra le pagine o la memorizzazione dello stato delle impostazioni sui cookie. Il nostro sito web non pu\u00f2 funzionare correttamente senza questi cookie. Puoi trovare maggiori informazioni sulla nostra informativa sulla privacy nella sezione 10. <strong>Contenuti<\/strong>: Brainsum, Cloudflare<\/p>\n\n\n\n      <h2 id=\"block_ab52ee1dfe5c8cd1f415c289e450c56c\" class=\"title title--xlarge text-header typo-off text-left l-block\" >\n  \n  \n\nCookie funzionali\n\n<\/h2>\n\n\n<p>A meno che tu non ti opponga al loro utilizzo, vengono inoltre utilizzati cookie funzionali sul nostro sito web. I cookie funzionali consentono al sito di ricordare le informazioni che influenzano il suo comportamento o il suo aspetto, come i moduli precompilati.Nelle impostazioni dei cookie, puoi decidere se accettare i cookie funzionali o opporsi all&#8217;uso dei cookie funzionali in qualsiasi momento con effetto per il futuro. Maggiori informazioni sui cookie funzionali utilizzati e sulle possibilit\u00e0 di adeguamento e revoca sono disponibili nella nostra informativa sulla privacy, sezione 10. <strong>Contenuti<\/strong>: Crisp Chat, YouTube, Google Maps<\/p>\n\n\n\n      <h2 id=\"block_1dd882d59a2737b06de40d4c6ce60a89\" class=\"title title--xlarge text-header typo-off text-left l-block\" >\n  \n  \n\nCookie di analisi\n\n<\/h2>\n\n\n<p>Se ci dai il tuo consenso, vengono inoltre utilizzati cookie di analisi sul nostro sito web. Questi cookie sono utilizzati per comprendere come interagisci con il nostro sito e quali contenuti ti interessano di pi\u00f9. In questo modo abbiamo la possibilit\u00e0 di migliorare costantemente le prestazioni del nostro sito e adattarne i contenuti agli interessi degli utenti. Utilizziamo anche servizi di terze parti che ricevono informazioni sul tuo utilizzo del nostro sito e possono eventualmente combinarle con altri dati per scopi propri, che possono essere stati ottenuti da te anche altrove.Nelle impostazioni dei cookie, puoi decidere se desideri accettare i cookie di analisi e revocare il tuo consenso in qualsiasi momento con effetto per il futuro. Ulteriori informazioni sui cookie di analisi utilizzati e sui servizi di terze parti, nonch\u00e9 sulle opzioni di adeguamento e revoca, sono disponibili nella nostra <a href=\"https:\/\/www.groups.swiss\/it\/leisure\/info\/datenschutzerklaerung\">informativa sulla privacy, nelle sezioni 10 e 12<\/a>. <strong>Contenuti<\/strong>: Google Analytics<\/p>\n\n\n\n      <h2 id=\"block_760577af7cb4706988931ff2676d790f\" class=\"title title--xlarge text-header typo-off text-left l-block\" >\n  \n  \n\nCookie di marketing\n\n<\/h2>\n\n\n<p>Se ci dai il tuo consenso, vengono inoltre utilizzati cookie di marketing sul nostro sito web. Questi cookie sono utilizzati per mostrarti pubblicit\u00e0 personalizzate in base ai tuoi interessi all&#8217;interno e all&#8217;esterno del sito di Groups, come ad esempio sui siti web dei nostri partner per marketing e social media (retargeting\/remarketing). Utilizziamo anche servizi di terze parti che ricevono informazioni sul tuo utilizzo del nostro sito e possono eventualmente combinare queste informazioni con altri dati per scopi propri che potrebbero aver ottenuto anche da te altrove.Nelle impostazioni dei cookie, puoi decidere se desideri accettare i cookie di marketing e revocare il tuo consenso in qualsiasi momento con effetto per il futuro. Ulteriori informazioni sui cookie di marketing utilizzati e sui servizi di terze parti, nonch\u00e9 sulle opzioni di adeguamento e revoca, sono disponibili nella nostra <a href=\"https:\/\/www.groups.swiss\/it\/leisure\/info\/datenschutzerklaerung\">informativa sulla privacy, nelle sezioni 10 e 13<\/a>. <strong>Contenuti<\/strong>: Facebook<\/p>\n\n\n\n<p><\/p>\n\n\n\n<p><\/p>\n","protected":false},"excerpt":{"rendered":"<p>Sul nostro sito web, noi, Groups AG, utilizziamo cookie necessari, incluso un cosiddetto cookie di selezione che memorizza lo stato delle tue impostazioni sui cookie. Inoltre, utilizziamo cookie funzionali, il cui utilizzo e archiviazione puoi rifiutare in qualsiasi momento con effetto per il futuro.Solo se acconsenti, utilizzeremo cookie di analisi e marketing (inclusa tecnologia di [&hellip;]<\/p>\n","protected":false},"author":2,"featured_media":0,"parent":0,"menu_order":0,"comment_status":"closed","ping_status":"closed","template":"","meta":{"_acf_changed":false,"footnotes":""},"class_list":["post-1147","page","type-page","status-publish",""],"acf":[],"yoast_head":"<!-- This site is optimized with the Yoast SEO plugin v27.5 - https:\/\/yoast.com\/product\/yoast-seo-wordpress\/ -->\n<title>Politica sui Cookie - host.groupstravel.com<\/title>\n<meta name=\"robots\" content=\"index, follow, max-snippet:-1, max-image-preview:large, max-video-preview:-1\" \/>\n<link rel=\"canonical\" href=\"https:\/\/host.groupstravel.com\/it\/cookie-policy\/\" \/>\n<meta property=\"og:locale\" content=\"it_IT\" \/>\n<meta property=\"og:type\" content=\"article\" \/>\n<meta property=\"og:title\" content=\"Politica sui Cookie - host.groupstravel.com\" \/>\n<meta property=\"og:description\" content=\"Sul nostro sito web, noi, Groups AG, utilizziamo cookie necessari, incluso un cosiddetto cookie di selezione che memorizza lo stato delle tue impostazioni sui cookie. Inoltre, utilizziamo cookie funzionali, il cui utilizzo e archiviazione puoi rifiutare in qualsiasi momento con effetto per il futuro.Solo se acconsenti, utilizzeremo cookie di analisi e marketing (inclusa tecnologia di [&hellip;]\" \/>\n<meta property=\"og:url\" content=\"https:\/\/host.groupstravel.com\/it\/cookie-policy\/\" \/>\n<meta property=\"og:site_name\" content=\"host.groupstravel.com\" \/>\n<meta property=\"article:modified_time\" content=\"2024-11-06T11:00:58+00:00\" \/>\n<meta property=\"og:image\" content=\"https:\/\/host.groupstravel.com\/wp-content\/uploads\/2024\/11\/groups-cover.jpg\" \/>\n\t<meta property=\"og:image:width\" content=\"1200\" \/>\n\t<meta property=\"og:image:height\" content=\"675\" \/>\n\t<meta property=\"og:image:type\" content=\"image\/jpeg\" \/>\n<meta name=\"twitter:card\" content=\"summary_large_image\" \/>\n<meta name=\"twitter:label1\" content=\"Tempo di lettura stimato\" \/>\n\t<meta name=\"twitter:data1\" content=\"4 minuti\" \/>\n<script type=\"application\/ld+json\" class=\"yoast-schema-graph\">{\"@context\":\"https:\\\/\\\/schema.org\",\"@graph\":[{\"@type\":\"WebPage\",\"@id\":\"https:\\\/\\\/host.groupstravel.com\\\/it\\\/cookie-policy\\\/\",\"url\":\"https:\\\/\\\/host.groupstravel.com\\\/it\\\/cookie-policy\\\/\",\"name\":\"Politica sui Cookie - host.groupstravel.com\",\"isPartOf\":{\"@id\":\"https:\\\/\\\/host.groupstravel.com\\\/it\\\/#website\"},\"datePublished\":\"2024-09-04T10:39:11+00:00\",\"dateModified\":\"2024-11-06T11:00:58+00:00\",\"breadcrumb\":{\"@id\":\"https:\\\/\\\/host.groupstravel.com\\\/it\\\/cookie-policy\\\/#breadcrumb\"},\"inLanguage\":\"it-IT\",\"potentialAction\":[{\"@type\":\"ReadAction\",\"target\":[\"https:\\\/\\\/host.groupstravel.com\\\/it\\\/cookie-policy\\\/\"]}]},{\"@type\":\"BreadcrumbList\",\"@id\":\"https:\\\/\\\/host.groupstravel.com\\\/it\\\/cookie-policy\\\/#breadcrumb\",\"itemListElement\":[{\"@type\":\"ListItem\",\"position\":1,\"name\":\"Home\",\"item\":\"https:\\\/\\\/host.groupstravel.com\\\/it\\\/\"},{\"@type\":\"ListItem\",\"position\":2,\"name\":\"Politica sui Cookie\"}]},{\"@type\":\"WebSite\",\"@id\":\"https:\\\/\\\/host.groupstravel.com\\\/it\\\/#website\",\"url\":\"https:\\\/\\\/host.groupstravel.com\\\/it\\\/\",\"name\":\"Groups Swiss\",\"description\":\"Gastgeber werden f\u00fcr Deine Ferienunterkunft\",\"publisher\":{\"@id\":\"https:\\\/\\\/host.groupstravel.com\\\/it\\\/#organization\"},\"potentialAction\":[{\"@type\":\"SearchAction\",\"target\":{\"@type\":\"EntryPoint\",\"urlTemplate\":\"https:\\\/\\\/host.groupstravel.com\\\/it\\\/?s={search_term_string}\"},\"query-input\":{\"@type\":\"PropertyValueSpecification\",\"valueRequired\":true,\"valueName\":\"search_term_string\"}}],\"inLanguage\":\"it-IT\"},{\"@type\":\"Organization\",\"@id\":\"https:\\\/\\\/host.groupstravel.com\\\/it\\\/#organization\",\"name\":\"Groups Swiss\",\"url\":\"https:\\\/\\\/host.groupstravel.com\\\/it\\\/\",\"logo\":{\"@type\":\"ImageObject\",\"inLanguage\":\"it-IT\",\"@id\":\"https:\\\/\\\/host.groupstravel.com\\\/it\\\/#\\\/schema\\\/logo\\\/image\\\/\",\"url\":\"https:\\\/\\\/host.groupstravel.com\\\/wp-content\\\/uploads\\\/2024\\\/11\\\/logo-groups.png\",\"contentUrl\":\"https:\\\/\\\/host.groupstravel.com\\\/wp-content\\\/uploads\\\/2024\\\/11\\\/logo-groups.png\",\"width\":696,\"height\":696,\"caption\":\"Groups Swiss\"},\"image\":{\"@id\":\"https:\\\/\\\/host.groupstravel.com\\\/it\\\/#\\\/schema\\\/logo\\\/image\\\/\"}}]}<\/script>\n<!-- \/ Yoast SEO plugin. -->","yoast_head_json":{"title":"Politica sui Cookie - host.groupstravel.com","robots":{"index":"index","follow":"follow","max-snippet":"max-snippet:-1","max-image-preview":"max-image-preview:large","max-video-preview":"max-video-preview:-1"},"canonical":"https:\/\/host.groupstravel.com\/it\/cookie-policy\/","og_locale":"it_IT","og_type":"article","og_title":"Politica sui Cookie - host.groupstravel.com","og_description":"Sul nostro sito web, noi, Groups AG, utilizziamo cookie necessari, incluso un cosiddetto cookie di selezione che memorizza lo stato delle tue impostazioni sui cookie. Inoltre, utilizziamo cookie funzionali, il cui utilizzo e archiviazione puoi rifiutare in qualsiasi momento con effetto per il futuro.Solo se acconsenti, utilizzeremo cookie di analisi e marketing (inclusa tecnologia di [&hellip;]","og_url":"https:\/\/host.groupstravel.com\/it\/cookie-policy\/","og_site_name":"host.groupstravel.com","article_modified_time":"2024-11-06T11:00:58+00:00","og_image":[{"width":1200,"height":675,"url":"https:\/\/host.groupstravel.com\/wp-content\/uploads\/2024\/11\/groups-cover.jpg","type":"image\/jpeg"}],"twitter_card":"summary_large_image","twitter_misc":{"Tempo di lettura stimato":"4 minuti"},"schema":{"@context":"https:\/\/schema.org","@graph":[{"@type":"WebPage","@id":"https:\/\/host.groupstravel.com\/it\/cookie-policy\/","url":"https:\/\/host.groupstravel.com\/it\/cookie-policy\/","name":"Politica sui Cookie - host.groupstravel.com","isPartOf":{"@id":"https:\/\/host.groupstravel.com\/it\/#website"},"datePublished":"2024-09-04T10:39:11+00:00","dateModified":"2024-11-06T11:00:58+00:00","breadcrumb":{"@id":"https:\/\/host.groupstravel.com\/it\/cookie-policy\/#breadcrumb"},"inLanguage":"it-IT","potentialAction":[{"@type":"ReadAction","target":["https:\/\/host.groupstravel.com\/it\/cookie-policy\/"]}]},{"@type":"BreadcrumbList","@id":"https:\/\/host.groupstravel.com\/it\/cookie-policy\/#breadcrumb","itemListElement":[{"@type":"ListItem","position":1,"name":"Home","item":"https:\/\/host.groupstravel.com\/it\/"},{"@type":"ListItem","position":2,"name":"Politica sui Cookie"}]},{"@type":"WebSite","@id":"https:\/\/host.groupstravel.com\/it\/#website","url":"https:\/\/host.groupstravel.com\/it\/","name":"Groups Swiss","description":"Gastgeber werden f\u00fcr Deine Ferienunterkunft","publisher":{"@id":"https:\/\/host.groupstravel.com\/it\/#organization"},"potentialAction":[{"@type":"SearchAction","target":{"@type":"EntryPoint","urlTemplate":"https:\/\/host.groupstravel.com\/it\/?s={search_term_string}"},"query-input":{"@type":"PropertyValueSpecification","valueRequired":true,"valueName":"search_term_string"}}],"inLanguage":"it-IT"},{"@type":"Organization","@id":"https:\/\/host.groupstravel.com\/it\/#organization","name":"Groups Swiss","url":"https:\/\/host.groupstravel.com\/it\/","logo":{"@type":"ImageObject","inLanguage":"it-IT","@id":"https:\/\/host.groupstravel.com\/it\/#\/schema\/logo\/image\/","url":"https:\/\/host.groupstravel.com\/wp-content\/uploads\/2024\/11\/logo-groups.png","contentUrl":"https:\/\/host.groupstravel.com\/wp-content\/uploads\/2024\/11\/logo-groups.png","width":696,"height":696,"caption":"Groups Swiss"},"image":{"@id":"https:\/\/host.groupstravel.com\/it\/#\/schema\/logo\/image\/"}}]}},"_links":{"self":[{"href":"https:\/\/host.groupstravel.com\/it\/wp-json\/wp\/v2\/pages\/1147","targetHints":{"allow":["GET"]}}],"collection":[{"href":"https:\/\/host.groupstravel.com\/it\/wp-json\/wp\/v2\/pages"}],"about":[{"href":"https:\/\/host.groupstravel.com\/it\/wp-json\/wp\/v2\/types\/page"}],"author":[{"embeddable":true,"href":"https:\/\/host.groupstravel.com\/it\/wp-json\/wp\/v2\/users\/2"}],"replies":[{"embeddable":true,"href":"https:\/\/host.groupstravel.com\/it\/wp-json\/wp\/v2\/comments?post=1147"}],"version-history":[{"count":12,"href":"https:\/\/host.groupstravel.com\/it\/wp-json\/wp\/v2\/pages\/1147\/revisions"}],"predecessor-version":[{"id":3105,"href":"https:\/\/host.groupstravel.com\/it\/wp-json\/wp\/v2\/pages\/1147\/revisions\/3105"}],"wp:attachment":[{"href":"https:\/\/host.groupstravel.com\/it\/wp-json\/wp\/v2\/media?parent=1147"}],"curies":[{"name":"wp","href":"https:\/\/api.w.org\/{rel}","templated":true}]}}