{"id":1203,"date":"2024-09-04T10:39:20","date_gmt":"2024-09-04T10:39:20","guid":{"rendered":"https:\/\/host.groupstravel.com\/terms-and-conditions\/"},"modified":"2024-11-14T12:19:22","modified_gmt":"2024-11-14T12:19:22","slug":"terms-and-conditions","status":"publish","type":"page","link":"https:\/\/host.groupstravel.com\/it\/terms-and-conditions\/","title":{"rendered":"Termini e condizioni"},"content":{"rendered":"\n      <div id=\"block_0400939f1490b3c3c48188b1638b307c\" class=\"block-hero alignfull relative l-block\" >\n  \n  \n<div class=\"relative\">\n  <img decoding=\"async\" width=\"1920\" height=\"2560\" src=\"https:\/\/host.groupstravel.com\/wp-content\/uploads\/2024\/10\/IMG_6344-2-rotated.jpg\" class=\"absolute inset-0 object-cover w-full h-full z-10 m-0 skip-lazy\" alt=\"\" srcset=\"https:\/\/host.groupstravel.com\/wp-content\/uploads\/2024\/10\/IMG_6344-2-rotated.jpg 1920w, https:\/\/host.groupstravel.com\/wp-content\/uploads\/2024\/10\/IMG_6344-2-225x300.jpg 225w, https:\/\/host.groupstravel.com\/wp-content\/uploads\/2024\/10\/IMG_6344-2-768x1024.jpg 768w, https:\/\/host.groupstravel.com\/wp-content\/uploads\/2024\/10\/IMG_6344-2-1152x1536.jpg 1152w, https:\/\/host.groupstravel.com\/wp-content\/uploads\/2024\/10\/IMG_6344-2-1536x2048.jpg 1536w, https:\/\/host.groupstravel.com\/wp-content\/uploads\/2024\/10\/IMG_6344-2-380x507.jpg 380w, https:\/\/host.groupstravel.com\/wp-content\/uploads\/2024\/10\/IMG_6344-2-412x549.jpg 412w, https:\/\/host.groupstravel.com\/wp-content\/uploads\/2024\/10\/IMG_6344-2-1200x1600.jpg 1200w, https:\/\/host.groupstravel.com\/wp-content\/uploads\/2024\/10\/IMG_6344-2-1350x1800.jpg 1350w\" sizes=\"(max-width: 1920px) 100vw, 1920px\" \/>  <div class=\"hero-style-default pt-[392px] sm:pt-[33px] sm:pb-[33px] sm:min-h-[600px] lg:min-h-[726px] flex items-end relative\">\n    \n    <div class=\"l-wrap relative z-20 h-full w-full\">\n      <div class=\"h-full\">\n        <div class=\"h-full flex flex-col justify-end\">\n                    <div>\n            <div class=\"bg-black\/60 px-6 sm:px-10 pt-8 sm:pt-8 pb-6 sm:pb-8 max-w-[585px] rounded-default rounded-es-none mb-4\" data-aos=\"fade-down\" data-aos-duration=\"800\" data-aos-delay=\"0\">\n                            <h1 class=\"title title--sans-display text-white [&#038;_strong]:text-brand mb-[1.3rem] md:leading-1 mt-2 \"><strong>Condizioni generali di utilizzo<\/strong>\n<\/h1>              \n                                        <\/div>\n          <\/div>\n                  <\/div>\n      <\/div>\n    <\/div>\n  <\/div>\n<\/div>\n\n\n<\/div>\n\n\n      <div id=\"block_23e5d12f35fb1ca7d3c3826fda8fdb97\" class=\"block-spacer typo-off  alignfull  l-block\" >\n  \n  \n<style>#block_23e5d12f35fb1ca7d3c3826fda8fdb97 { height: 24px;  } @media (min-width: 768px) { #block_23e5d12f35fb1ca7d3c3826fda8fdb97 { height: 36px;  } }@media (min-width: 992px) { #block_23e5d12f35fb1ca7d3c3826fda8fdb97 { height: 48px;  } }@media (min-width: 1200px) { #block_23e5d12f35fb1ca7d3c3826fda8fdb97 { height: 54px;  } }@media (min-width: 1500px) { #block_23e5d12f35fb1ca7d3c3826fda8fdb97 { height: 60px;  } }<\/style><\/div>\n\n\n      <h2 id=\"block_bf02b5181e7c20b3510205de1a3f387a\" class=\"title title--xxlarge text-header typo-off text-left l-block\" >\n  \n  \n\nTermini e Condizioni Generali per www.host.groupstravel.com\n\n<\/h2>\n\n\n      <h2 id=\"block_5aace9718a1af6d0cefd3dc1712c7c3f\" class=\"title title--xlarge text-header typo-off text-left l-block\" >\n  \n  \n\n1. Ambito di applicazione\n\n<\/h2>\n\n\n<p>I presenti Termini e Condizioni Generali (di seguito denominati &#8220;TCG&#8221;) regolano l&#8217;uso della piattaforma www.host.groupstravel.com (di seguito denominata &#8220;Piattaforma&#8221;), gestita da Groups AG (di seguito denominata &#8220;Fornitore&#8221;). Utilizzando la Piattaforma, accetti questi TCG.<\/p>\n\n\n\n      <h1 id=\"block_2b01b20cbd2006250050fc1e6c21b09e\" class=\"title title--xlarge text-header typo-off text-left l-block\" >\n  \n  \n\n2. Descrizione della Piattaforma\n\n<\/h1>\n\n\n<p>La Piattaforma serve a fornire informazioni per la mediazione di case vacanza e gruppi, nonch\u00e9 a offrire informazioni sui vari moduli, partner e opzioni di marketing per gli host. Gli utenti hanno la possibilit\u00e0 di essere reindirizzati direttamente tramite un link di registrazione fornito per registrare il loro alloggio sui portali www.groupstravel.com.<\/p>\n\n\n\n      <h1 id=\"block_165b57f3ae5af3f6a6acf2b54373130b\" class=\"title title--xlarge text-header typo-off text-left l-block\" >\n  \n  \n\n3. Registrazione e Utilizzo\n\n<\/h1>\n\n\n<p>3.1. Per utilizzare la piattaforma www.groupstravel.com, gli host devono registrarsi. La registrazione avviene compilando il link di registrazione corrispondente con un nome utente e una password.<\/p>\n\n\n\n<p>3.2. La correttezza dei dati forniti durante la registrazione \u00e8 responsabilit\u00e0 dell&#8217;utente. Il Fornitore non si assume alcuna responsabilit\u00e0 per l&#8217;accuratezza delle informazioni fornite.<\/p>\n\n\n\n<p>3.3. L&#8217;utente si impegna a mantenere riservate le proprie credenziali di accesso e a non divulgarle a terzi. Il Fornitore non \u00e8 responsabile per danni derivanti da un uso improprio delle credenziali di accesso.<\/p>\n\n\n\n      <h1 id=\"block_613f14b517bcb20af6f2ea6d3dd8f0a2\" class=\"title title--xlarge text-header typo-off text-left l-block\" >\n  \n  \n\n4. Contenuti e Offerte\n\n<\/h1>\n\n\n<p>4.1. Le informazioni e le offerte fornite sulla Piattaforma sono non vincolanti. Il Fornitore si riserva il diritto di modificare o rimuovere contenuti e offerte in qualsiasi momento.<\/p>\n\n\n\n<p>4.2. Gli host sono responsabili per mantenere la completezza e l&#8217;accuratezza delle informazioni che forniscono riguardo ai loro alloggi.<\/p>\n\n\n\n      <h1 id=\"block_a67569ca376881148e5d51474d9734a3\" class=\"title title--xlarge text-header typo-off text-left l-block\" >\n  \n  \n\n5. Esclusione di responsabilit\u00e0\n\n<\/h1>\n\n\n<p>5.1. Il Fornitore non \u00e8 responsabile per danni risultanti dall&#8217;uso della Piattaforma o dall&#8217;impossibilit\u00e0 di utilizzo, a meno che non siano basati su dolo o colpa grave del Fornitore.<\/p>\n\n\n\n<p>5.2. Il Fornitore non si assume alcuna responsabilit\u00e0 per il contenuto di link o offerte esterne presenti sulla Piattaforma. Gli operatori dei rispettivi siti web sono esclusivamente responsabili di tali contenuti.<\/p>\n\n\n\n      <h1 id=\"block_5a04e5de074df22c7d165da7f81f4115\" class=\"title title--xlarge text-header typo-off text-left l-block\" >\n  \n  \n\n6. Protezione dei dati\n\n<\/h1>\n\n\n<p>Il Fornitore si impegna a rispettare la normativa sulla protezione dei dati applicabile. Ulteriori informazioni sul trattamento dei dati personali sono disponibili nell&#8217;informativa sulla privacy presente sulla Piattaforma.<\/p>\n\n\n\n      <h1 id=\"block_43448b6685d5771d842feaec33617542\" class=\"title title--xlarge text-header typo-off text-left l-block\" >\n  \n  \n\n7. Modifiche ai TCG\n\n<\/h1>\n\n\n<p>Il Fornitore si riserva il diritto di modificare questi TCG in qualsiasi momento. Gli utenti saranno informati delle modifiche con tempestivit\u00e0 sulla Piattaforma. Continuando a utilizzare la Piattaforma dopo le modifiche ai TCG, accetti i termini modificati.<\/p>\n\n\n\n      <h1 id=\"block_4c287b8af1983ae6422b538a46ed6850\" class=\"title title--xlarge text-header typo-off text-left l-block\" >\n  \n  \n\n8. Disposizioni finali\n\n<\/h1>\n\n\n<p>8.1. Si applica la legge svizzera.<\/p>\n\n\n\n<p>8.2. Qualora alcune disposizioni di questi TCG risultassero inefficaci o inapplicabili, le restanti disposizioni rimarranno inalterate.<\/p>\n\n\n\n<p><strong>Stato: <\/strong>Ottobre 2024<\/p>\n\n\n\n      <div id=\"block_23e5d12f35fb1ca7d3c3826fda8fdb97\" class=\"block-spacer typo-off  alignfull  l-block\" >\n  \n  \n<style>#block_23e5d12f35fb1ca7d3c3826fda8fdb97 { height: 24px;  } @media (min-width: 768px) { #block_23e5d12f35fb1ca7d3c3826fda8fdb97 { height: 36px;  } }@media (min-width: 992px) { #block_23e5d12f35fb1ca7d3c3826fda8fdb97 { height: 48px;  } }@media (min-width: 1200px) { #block_23e5d12f35fb1ca7d3c3826fda8fdb97 { height: 54px;  } }@media (min-width: 1500px) { #block_23e5d12f35fb1ca7d3c3826fda8fdb97 { height: 60px;  } }<\/style><\/div>","protected":false},"excerpt":{"rendered":"<p>I presenti Termini e Condizioni Generali (di seguito denominati &#8220;TCG&#8221;) regolano l&#8217;uso della piattaforma www.host.groupstravel.com (di seguito denominata &#8220;Piattaforma&#8221;), gestita da Groups AG (di seguito denominata &#8220;Fornitore&#8221;). Utilizzando la Piattaforma, accetti questi TCG. La Piattaforma serve a fornire informazioni per la mediazione di case vacanza e gruppi, nonch\u00e9 a offrire informazioni sui vari moduli, partner [&hellip;]<\/p>\n","protected":false},"author":2,"featured_media":0,"parent":0,"menu_order":0,"comment_status":"closed","ping_status":"closed","template":"","meta":{"_acf_changed":false,"footnotes":""},"class_list":["post-1203","page","type-page","status-publish",""],"acf":[],"yoast_head":"<!-- This site is optimized with the Yoast SEO plugin v27.5 - https:\/\/yoast.com\/product\/yoast-seo-wordpress\/ -->\n<title>Termini e condizioni - host.groupstravel.com<\/title>\n<meta name=\"robots\" content=\"index, follow, max-snippet:-1, max-image-preview:large, max-video-preview:-1\" \/>\n<link rel=\"canonical\" href=\"https:\/\/host.groupstravel.com\/it\/terms-and-conditions\/\" \/>\n<meta property=\"og:locale\" content=\"it_IT\" \/>\n<meta property=\"og:type\" content=\"article\" \/>\n<meta property=\"og:title\" content=\"Termini e condizioni - host.groupstravel.com\" \/>\n<meta property=\"og:description\" content=\"I presenti Termini e Condizioni Generali (di seguito denominati &#8220;TCG&#8221;) regolano l&#8217;uso della piattaforma www.host.groupstravel.com (di seguito denominata &#8220;Piattaforma&#8221;), gestita da Groups AG (di seguito denominata &#8220;Fornitore&#8221;). Utilizzando la Piattaforma, accetti questi TCG. La Piattaforma serve a fornire informazioni per la mediazione di case vacanza e gruppi, nonch\u00e9 a offrire informazioni sui vari moduli, partner [&hellip;]\" \/>\n<meta property=\"og:url\" content=\"https:\/\/host.groupstravel.com\/it\/terms-and-conditions\/\" \/>\n<meta property=\"og:site_name\" content=\"host.groupstravel.com\" \/>\n<meta property=\"article:modified_time\" content=\"2024-11-14T12:19:22+00:00\" \/>\n<meta property=\"og:image\" content=\"https:\/\/host.groupstravel.com\/wp-content\/uploads\/2024\/11\/groups-cover.jpg\" \/>\n\t<meta property=\"og:image:width\" content=\"1200\" \/>\n\t<meta property=\"og:image:height\" content=\"675\" \/>\n\t<meta property=\"og:image:type\" content=\"image\/jpeg\" \/>\n<meta name=\"twitter:card\" content=\"summary_large_image\" \/>\n<meta name=\"twitter:label1\" content=\"Tempo di lettura stimato\" \/>\n\t<meta name=\"twitter:data1\" content=\"3 minuti\" \/>\n<script type=\"application\/ld+json\" class=\"yoast-schema-graph\">{\"@context\":\"https:\\\/\\\/schema.org\",\"@graph\":[{\"@type\":\"WebPage\",\"@id\":\"https:\\\/\\\/host.groupstravel.com\\\/it\\\/terms-and-conditions\\\/\",\"url\":\"https:\\\/\\\/host.groupstravel.com\\\/it\\\/terms-and-conditions\\\/\",\"name\":\"Termini e condizioni - host.groupstravel.com\",\"isPartOf\":{\"@id\":\"https:\\\/\\\/host.groupstravel.com\\\/it\\\/#website\"},\"datePublished\":\"2024-09-04T10:39:20+00:00\",\"dateModified\":\"2024-11-14T12:19:22+00:00\",\"breadcrumb\":{\"@id\":\"https:\\\/\\\/host.groupstravel.com\\\/it\\\/terms-and-conditions\\\/#breadcrumb\"},\"inLanguage\":\"it-IT\",\"potentialAction\":[{\"@type\":\"ReadAction\",\"target\":[\"https:\\\/\\\/host.groupstravel.com\\\/it\\\/terms-and-conditions\\\/\"]}]},{\"@type\":\"BreadcrumbList\",\"@id\":\"https:\\\/\\\/host.groupstravel.com\\\/it\\\/terms-and-conditions\\\/#breadcrumb\",\"itemListElement\":[{\"@type\":\"ListItem\",\"position\":1,\"name\":\"Home\",\"item\":\"https:\\\/\\\/host.groupstravel.com\\\/it\\\/\"},{\"@type\":\"ListItem\",\"position\":2,\"name\":\"Termini e condizioni\"}]},{\"@type\":\"WebSite\",\"@id\":\"https:\\\/\\\/host.groupstravel.com\\\/it\\\/#website\",\"url\":\"https:\\\/\\\/host.groupstravel.com\\\/it\\\/\",\"name\":\"Groups Swiss\",\"description\":\"Gastgeber werden f\u00fcr Deine Ferienunterkunft\",\"publisher\":{\"@id\":\"https:\\\/\\\/host.groupstravel.com\\\/it\\\/#organization\"},\"potentialAction\":[{\"@type\":\"SearchAction\",\"target\":{\"@type\":\"EntryPoint\",\"urlTemplate\":\"https:\\\/\\\/host.groupstravel.com\\\/it\\\/?s={search_term_string}\"},\"query-input\":{\"@type\":\"PropertyValueSpecification\",\"valueRequired\":true,\"valueName\":\"search_term_string\"}}],\"inLanguage\":\"it-IT\"},{\"@type\":\"Organization\",\"@id\":\"https:\\\/\\\/host.groupstravel.com\\\/it\\\/#organization\",\"name\":\"Groups Swiss\",\"url\":\"https:\\\/\\\/host.groupstravel.com\\\/it\\\/\",\"logo\":{\"@type\":\"ImageObject\",\"inLanguage\":\"it-IT\",\"@id\":\"https:\\\/\\\/host.groupstravel.com\\\/it\\\/#\\\/schema\\\/logo\\\/image\\\/\",\"url\":\"https:\\\/\\\/host.groupstravel.com\\\/wp-content\\\/uploads\\\/2024\\\/11\\\/logo-groups.png\",\"contentUrl\":\"https:\\\/\\\/host.groupstravel.com\\\/wp-content\\\/uploads\\\/2024\\\/11\\\/logo-groups.png\",\"width\":696,\"height\":696,\"caption\":\"Groups Swiss\"},\"image\":{\"@id\":\"https:\\\/\\\/host.groupstravel.com\\\/it\\\/#\\\/schema\\\/logo\\\/image\\\/\"}}]}<\/script>\n<!-- \/ Yoast SEO plugin. -->","yoast_head_json":{"title":"Termini e condizioni - host.groupstravel.com","robots":{"index":"index","follow":"follow","max-snippet":"max-snippet:-1","max-image-preview":"max-image-preview:large","max-video-preview":"max-video-preview:-1"},"canonical":"https:\/\/host.groupstravel.com\/it\/terms-and-conditions\/","og_locale":"it_IT","og_type":"article","og_title":"Termini e condizioni - host.groupstravel.com","og_description":"I presenti Termini e Condizioni Generali (di seguito denominati &#8220;TCG&#8221;) regolano l&#8217;uso della piattaforma www.host.groupstravel.com (di seguito denominata &#8220;Piattaforma&#8221;), gestita da Groups AG (di seguito denominata &#8220;Fornitore&#8221;). Utilizzando la Piattaforma, accetti questi TCG. La Piattaforma serve a fornire informazioni per la mediazione di case vacanza e gruppi, nonch\u00e9 a offrire informazioni sui vari moduli, partner [&hellip;]","og_url":"https:\/\/host.groupstravel.com\/it\/terms-and-conditions\/","og_site_name":"host.groupstravel.com","article_modified_time":"2024-11-14T12:19:22+00:00","og_image":[{"width":1200,"height":675,"url":"https:\/\/host.groupstravel.com\/wp-content\/uploads\/2024\/11\/groups-cover.jpg","type":"image\/jpeg"}],"twitter_card":"summary_large_image","twitter_misc":{"Tempo di lettura stimato":"3 minuti"},"schema":{"@context":"https:\/\/schema.org","@graph":[{"@type":"WebPage","@id":"https:\/\/host.groupstravel.com\/it\/terms-and-conditions\/","url":"https:\/\/host.groupstravel.com\/it\/terms-and-conditions\/","name":"Termini e condizioni - host.groupstravel.com","isPartOf":{"@id":"https:\/\/host.groupstravel.com\/it\/#website"},"datePublished":"2024-09-04T10:39:20+00:00","dateModified":"2024-11-14T12:19:22+00:00","breadcrumb":{"@id":"https:\/\/host.groupstravel.com\/it\/terms-and-conditions\/#breadcrumb"},"inLanguage":"it-IT","potentialAction":[{"@type":"ReadAction","target":["https:\/\/host.groupstravel.com\/it\/terms-and-conditions\/"]}]},{"@type":"BreadcrumbList","@id":"https:\/\/host.groupstravel.com\/it\/terms-and-conditions\/#breadcrumb","itemListElement":[{"@type":"ListItem","position":1,"name":"Home","item":"https:\/\/host.groupstravel.com\/it\/"},{"@type":"ListItem","position":2,"name":"Termini e condizioni"}]},{"@type":"WebSite","@id":"https:\/\/host.groupstravel.com\/it\/#website","url":"https:\/\/host.groupstravel.com\/it\/","name":"Groups Swiss","description":"Gastgeber werden f\u00fcr Deine Ferienunterkunft","publisher":{"@id":"https:\/\/host.groupstravel.com\/it\/#organization"},"potentialAction":[{"@type":"SearchAction","target":{"@type":"EntryPoint","urlTemplate":"https:\/\/host.groupstravel.com\/it\/?s={search_term_string}"},"query-input":{"@type":"PropertyValueSpecification","valueRequired":true,"valueName":"search_term_string"}}],"inLanguage":"it-IT"},{"@type":"Organization","@id":"https:\/\/host.groupstravel.com\/it\/#organization","name":"Groups Swiss","url":"https:\/\/host.groupstravel.com\/it\/","logo":{"@type":"ImageObject","inLanguage":"it-IT","@id":"https:\/\/host.groupstravel.com\/it\/#\/schema\/logo\/image\/","url":"https:\/\/host.groupstravel.com\/wp-content\/uploads\/2024\/11\/logo-groups.png","contentUrl":"https:\/\/host.groupstravel.com\/wp-content\/uploads\/2024\/11\/logo-groups.png","width":696,"height":696,"caption":"Groups Swiss"},"image":{"@id":"https:\/\/host.groupstravel.com\/it\/#\/schema\/logo\/image\/"}}]}},"_links":{"self":[{"href":"https:\/\/host.groupstravel.com\/it\/wp-json\/wp\/v2\/pages\/1203","targetHints":{"allow":["GET"]}}],"collection":[{"href":"https:\/\/host.groupstravel.com\/it\/wp-json\/wp\/v2\/pages"}],"about":[{"href":"https:\/\/host.groupstravel.com\/it\/wp-json\/wp\/v2\/types\/page"}],"author":[{"embeddable":true,"href":"https:\/\/host.groupstravel.com\/it\/wp-json\/wp\/v2\/users\/2"}],"replies":[{"embeddable":true,"href":"https:\/\/host.groupstravel.com\/it\/wp-json\/wp\/v2\/comments?post=1203"}],"version-history":[{"count":4,"href":"https:\/\/host.groupstravel.com\/it\/wp-json\/wp\/v2\/pages\/1203\/revisions"}],"predecessor-version":[{"id":3406,"href":"https:\/\/host.groupstravel.com\/it\/wp-json\/wp\/v2\/pages\/1203\/revisions\/3406"}],"wp:attachment":[{"href":"https:\/\/host.groupstravel.com\/it\/wp-json\/wp\/v2\/media?parent=1203"}],"curies":[{"name":"wp","href":"https:\/\/api.w.org\/{rel}","templated":true}]}}